{"id":2755,"date":"2022-04-08T01:58:53","date_gmt":"2022-04-08T06:58:53","guid":{"rendered":"https:\/\/skinbarbyaz.com\/politica-de-reembolso-y-cancelaciones\/"},"modified":"2025-02-11T19:36:42","modified_gmt":"2025-02-12T00:36:42","slug":"politica-de-reembolso-y-cancelaciones","status":"publish","type":"page","link":"https:\/\/skinbarbyaz.com\/es\/politica-de-reembolso-y-cancelaciones\/","title":{"rendered":"Pol\u00edtica de reembolso y cancelaciones"},"content":{"rendered":"\r\n<h2>Resumen<\/h2>\r\n<p>Cancelar o reprogramar su cita con al menos 24 horas de anticipaci\u00f3n para que podamos tener la oportunidad de atender otro cliente.<\/p>\r\n<p><strong>Cancelaciones\/Reprogramar:<br \/><\/strong> Cancelar o reprogramar dentro de las 24 horas de su dep\u00f3sito de cita se perder\u00e1 y necesitar\u00e9 un nuevo dep\u00f3sito para una nueva cita.<\/p>\r\n<p><strong>Llegada tard\u00eda:<\/strong><br \/>Si llegas tarde por favor av\u00edsame. Si llega m\u00e1s de 15 minutos tarde, tendremos que reprogramar\/cancelar y necesitar\u00e9 un nuevo dep\u00f3sito si reprograma.<\/p>\r\n<p><strong>No presentarse:<\/strong><br \/>Si no se presenta a su cita, perder\u00e1 su dep\u00f3sito. Si desea volver a ser aceptado como cliente, deber\u00e1 pagar un nuevo dep\u00f3sito.<\/p>\r\n<p><strong>Por favor, No ni\u00f1os<\/strong><br \/>Nos esforzamos por crear un ambiente tranquilo y relajante para nuestros clientes.<\/p>\r\n<p><strong>Sin reembolsos:<\/strong><br \/>Todos los servicios no son reembolsables<\/p>\r\n\r\n\r\n\r\n\r\n\r\n<p>&nbsp;<\/p>\r\n","protected":false},"excerpt":{"rendered":"<p>Resumen Cancelar o reprogramar su cita con al menos 24  [&#8230;]<\/p>\n","protected":false},"author":1,"featured_media":0,"parent":0,"menu_order":0,"comment_status":"closed","ping_status":"closed","template":"","meta":{"footnotes":""},"class_list":["post-2755","page","type-page","status-publish","hentry"],"yoast_head":"<!-- This site is optimized with the Yoast SEO plugin v27.4 - https:\/\/yoast.com\/product\/yoast-seo-wordpress\/ -->\n<title>Pol\u00edtica de reembolso y cancelaciones - Skinbar by Andrea Zu\u00f1iga<\/title>\n<meta name=\"robots\" content=\"index, follow, max-snippet:-1, max-image-preview:large, max-video-preview:-1\" \/>\n<link rel=\"canonical\" href=\"https:\/\/skinbarbyaz.com\/es\/politica-de-reembolso-y-cancelaciones\/\" \/>\n<meta property=\"og:locale\" content=\"es_MX\" \/>\n<meta property=\"og:type\" content=\"article\" \/>\n<meta property=\"og:title\" content=\"Pol\u00edtica de reembolso y cancelaciones - Skinbar by Andrea Zu\u00f1iga\" \/>\n<meta property=\"og:description\" content=\"Resumen Cancelar o reprogramar su cita con al menos 24 [...]\" \/>\n<meta property=\"og:url\" content=\"https:\/\/skinbarbyaz.com\/es\/politica-de-reembolso-y-cancelaciones\/\" \/>\n<meta property=\"og:site_name\" content=\"Skinbar by Andrea Zu\u00f1iga\" \/>\n<meta property=\"article:publisher\" content=\"https:\/\/www.facebook.com\/skinbarbyaz\" \/>\n<meta property=\"article:modified_time\" content=\"2025-02-12T00:36:42+00:00\" \/>\n<meta property=\"og:image\" content=\"https:\/\/skinbarbyaz.com\/wp-content\/uploads\/2022\/04\/164405005_4539302299429790_615823415186146139_n-Large.jpeg\" \/>\n\t<meta property=\"og:image:width\" content=\"1280\" \/>\n\t<meta property=\"og:image:height\" content=\"828\" \/>\n\t<meta property=\"og:image:type\" content=\"image\/jpeg\" \/>\n<meta name=\"twitter:card\" content=\"summary_large_image\" \/>\n<meta name=\"twitter:label1\" content=\"Tiempo de lectura\" \/>\n\t<meta name=\"twitter:data1\" content=\"1 minuto\" \/>\n<script type=\"application\/ld+json\" class=\"yoast-schema-graph\">{\"@context\":\"https:\\\/\\\/schema.org\",\"@graph\":[{\"@type\":\"WebPage\",\"@id\":\"https:\\\/\\\/skinbarbyaz.com\\\/es\\\/politica-de-reembolso-y-cancelaciones\\\/\",\"url\":\"https:\\\/\\\/skinbarbyaz.com\\\/es\\\/politica-de-reembolso-y-cancelaciones\\\/\",\"name\":\"Pol\u00edtica de reembolso y cancelaciones - Skinbar by Andrea Zu\u00f1iga\",\"isPartOf\":{\"@id\":\"https:\\\/\\\/skinbarbyaz.com\\\/es\\\/#website\"},\"datePublished\":\"2022-04-08T06:58:53+00:00\",\"dateModified\":\"2025-02-12T00:36:42+00:00\",\"breadcrumb\":{\"@id\":\"https:\\\/\\\/skinbarbyaz.com\\\/es\\\/politica-de-reembolso-y-cancelaciones\\\/#breadcrumb\"},\"inLanguage\":\"es\",\"potentialAction\":[{\"@type\":\"ReadAction\",\"target\":[\"https:\\\/\\\/skinbarbyaz.com\\\/es\\\/politica-de-reembolso-y-cancelaciones\\\/\"]}]},{\"@type\":\"BreadcrumbList\",\"@id\":\"https:\\\/\\\/skinbarbyaz.com\\\/es\\\/politica-de-reembolso-y-cancelaciones\\\/#breadcrumb\",\"itemListElement\":[{\"@type\":\"ListItem\",\"position\":1,\"name\":\"Home\",\"item\":\"https:\\\/\\\/skinbarbyaz.com\\\/es\\\/\"},{\"@type\":\"ListItem\",\"position\":2,\"name\":\"Pol\u00edtica de reembolso y cancelaciones\"}]},{\"@type\":\"WebSite\",\"@id\":\"https:\\\/\\\/skinbarbyaz.com\\\/es\\\/#website\",\"url\":\"https:\\\/\\\/skinbarbyaz.com\\\/es\\\/\",\"name\":\"Skinbar by Andrea Zu\u00f1iga\",\"description\":\"Great skin doesn\u2019t happen by chance, it happens by appointment.\",\"publisher\":{\"@id\":\"https:\\\/\\\/skinbarbyaz.com\\\/es\\\/#organization\"},\"potentialAction\":[{\"@type\":\"SearchAction\",\"target\":{\"@type\":\"EntryPoint\",\"urlTemplate\":\"https:\\\/\\\/skinbarbyaz.com\\\/es\\\/?s={search_term_string}\"},\"query-input\":{\"@type\":\"PropertyValueSpecification\",\"valueRequired\":true,\"valueName\":\"search_term_string\"}}],\"inLanguage\":\"es\"},{\"@type\":\"Organization\",\"@id\":\"https:\\\/\\\/skinbarbyaz.com\\\/es\\\/#organization\",\"name\":\"SkinBar by Andrea Zu\u00f1iga\",\"url\":\"https:\\\/\\\/skinbarbyaz.com\\\/es\\\/\",\"logo\":{\"@type\":\"ImageObject\",\"inLanguage\":\"es\",\"@id\":\"https:\\\/\\\/skinbarbyaz.com\\\/es\\\/#\\\/schema\\\/logo\\\/image\\\/\",\"url\":\"https:\\\/\\\/skinbarbyaz.com\\\/wp-content\\\/uploads\\\/2022\\\/04\\\/164405005_4539302299429790_615823415186146139_n-Large.jpeg\",\"contentUrl\":\"https:\\\/\\\/skinbarbyaz.com\\\/wp-content\\\/uploads\\\/2022\\\/04\\\/164405005_4539302299429790_615823415186146139_n-Large.jpeg\",\"width\":1280,\"height\":828,\"caption\":\"SkinBar by Andrea Zu\u00f1iga\"},\"image\":{\"@id\":\"https:\\\/\\\/skinbarbyaz.com\\\/es\\\/#\\\/schema\\\/logo\\\/image\\\/\"},\"sameAs\":[\"https:\\\/\\\/www.facebook.com\\\/skinbarbyaz\",\"https:\\\/\\\/www.instagram.com\\\/skinbarbyaz\\\/\"]}]}<\/script>\n<!-- \/ Yoast SEO plugin. -->","yoast_head_json":{"title":"Pol\u00edtica de reembolso y cancelaciones - Skinbar by Andrea Zu\u00f1iga","robots":{"index":"index","follow":"follow","max-snippet":"max-snippet:-1","max-image-preview":"max-image-preview:large","max-video-preview":"max-video-preview:-1"},"canonical":"https:\/\/skinbarbyaz.com\/es\/politica-de-reembolso-y-cancelaciones\/","og_locale":"es_MX","og_type":"article","og_title":"Pol\u00edtica de reembolso y cancelaciones - Skinbar by Andrea Zu\u00f1iga","og_description":"Resumen Cancelar o reprogramar su cita con al menos 24 [...]","og_url":"https:\/\/skinbarbyaz.com\/es\/politica-de-reembolso-y-cancelaciones\/","og_site_name":"Skinbar by Andrea Zu\u00f1iga","article_publisher":"https:\/\/www.facebook.com\/skinbarbyaz","article_modified_time":"2025-02-12T00:36:42+00:00","og_image":[{"width":1280,"height":828,"url":"https:\/\/skinbarbyaz.com\/wp-content\/uploads\/2022\/04\/164405005_4539302299429790_615823415186146139_n-Large.jpeg","type":"image\/jpeg"}],"twitter_card":"summary_large_image","twitter_misc":{"Tiempo de lectura":"1 minuto"},"schema":{"@context":"https:\/\/schema.org","@graph":[{"@type":"WebPage","@id":"https:\/\/skinbarbyaz.com\/es\/politica-de-reembolso-y-cancelaciones\/","url":"https:\/\/skinbarbyaz.com\/es\/politica-de-reembolso-y-cancelaciones\/","name":"Pol\u00edtica de reembolso y cancelaciones - Skinbar by Andrea Zu\u00f1iga","isPartOf":{"@id":"https:\/\/skinbarbyaz.com\/es\/#website"},"datePublished":"2022-04-08T06:58:53+00:00","dateModified":"2025-02-12T00:36:42+00:00","breadcrumb":{"@id":"https:\/\/skinbarbyaz.com\/es\/politica-de-reembolso-y-cancelaciones\/#breadcrumb"},"inLanguage":"es","potentialAction":[{"@type":"ReadAction","target":["https:\/\/skinbarbyaz.com\/es\/politica-de-reembolso-y-cancelaciones\/"]}]},{"@type":"BreadcrumbList","@id":"https:\/\/skinbarbyaz.com\/es\/politica-de-reembolso-y-cancelaciones\/#breadcrumb","itemListElement":[{"@type":"ListItem","position":1,"name":"Home","item":"https:\/\/skinbarbyaz.com\/es\/"},{"@type":"ListItem","position":2,"name":"Pol\u00edtica de reembolso y cancelaciones"}]},{"@type":"WebSite","@id":"https:\/\/skinbarbyaz.com\/es\/#website","url":"https:\/\/skinbarbyaz.com\/es\/","name":"Skinbar by Andrea Zu\u00f1iga","description":"Great skin doesn\u2019t happen by chance, it happens by appointment.","publisher":{"@id":"https:\/\/skinbarbyaz.com\/es\/#organization"},"potentialAction":[{"@type":"SearchAction","target":{"@type":"EntryPoint","urlTemplate":"https:\/\/skinbarbyaz.com\/es\/?s={search_term_string}"},"query-input":{"@type":"PropertyValueSpecification","valueRequired":true,"valueName":"search_term_string"}}],"inLanguage":"es"},{"@type":"Organization","@id":"https:\/\/skinbarbyaz.com\/es\/#organization","name":"SkinBar by Andrea Zu\u00f1iga","url":"https:\/\/skinbarbyaz.com\/es\/","logo":{"@type":"ImageObject","inLanguage":"es","@id":"https:\/\/skinbarbyaz.com\/es\/#\/schema\/logo\/image\/","url":"https:\/\/skinbarbyaz.com\/wp-content\/uploads\/2022\/04\/164405005_4539302299429790_615823415186146139_n-Large.jpeg","contentUrl":"https:\/\/skinbarbyaz.com\/wp-content\/uploads\/2022\/04\/164405005_4539302299429790_615823415186146139_n-Large.jpeg","width":1280,"height":828,"caption":"SkinBar by Andrea Zu\u00f1iga"},"image":{"@id":"https:\/\/skinbarbyaz.com\/es\/#\/schema\/logo\/image\/"},"sameAs":["https:\/\/www.facebook.com\/skinbarbyaz","https:\/\/www.instagram.com\/skinbarbyaz\/"]}]}},"_links":{"self":[{"href":"https:\/\/skinbarbyaz.com\/es\/wp-json\/wp\/v2\/pages\/2755","targetHints":{"allow":["GET"]}}],"collection":[{"href":"https:\/\/skinbarbyaz.com\/es\/wp-json\/wp\/v2\/pages"}],"about":[{"href":"https:\/\/skinbarbyaz.com\/es\/wp-json\/wp\/v2\/types\/page"}],"author":[{"embeddable":true,"href":"https:\/\/skinbarbyaz.com\/es\/wp-json\/wp\/v2\/users\/1"}],"replies":[{"embeddable":true,"href":"https:\/\/skinbarbyaz.com\/es\/wp-json\/wp\/v2\/comments?post=2755"}],"version-history":[{"count":5,"href":"https:\/\/skinbarbyaz.com\/es\/wp-json\/wp\/v2\/pages\/2755\/revisions"}],"predecessor-version":[{"id":8213,"href":"https:\/\/skinbarbyaz.com\/es\/wp-json\/wp\/v2\/pages\/2755\/revisions\/8213"}],"wp:attachment":[{"href":"https:\/\/skinbarbyaz.com\/es\/wp-json\/wp\/v2\/media?parent=2755"}],"curies":[{"name":"wp","href":"https:\/\/api.w.org\/{rel}","templated":true}]}}