{"id":2878,"date":"2022-04-15T22:06:53","date_gmt":"2022-04-16T03:06:53","guid":{"rendered":"https:\/\/skinbarbyaz.com\/services\/combo-piel-perfecta\/"},"modified":"2025-10-15T10:58:55","modified_gmt":"2025-10-15T15:58:55","slug":"combo-piel-perfecta","status":"publish","type":"product","link":"https:\/\/skinbarbyaz.com\/es\/servicios\/combo-piel-perfecta\/","title":{"rendered":"Combo Piel Perfecta"},"content":{"rendered":"","protected":false},"excerpt":{"rendered":"<p>Trata la sequedad y deshidrataci\u00f3n, las l\u00edneas finas, minimiza el tama\u00f1o de los poros, el da\u00f1o solar (pigmentaci\u00f3n) y las cicatrices de acn\u00e9.<\/p>\n<p>Recomendado para personas de 18 a 40 a\u00f1os.<\/p>\n<p>Se recomienda una sesi\u00f3n cada 3 a 4 semanas. Los resultados m\u00e1s dram\u00e1ticos no ser\u00e1n visibles hasta despu\u00e9s del tratamiento.<\/p>\n<p><b>Incluye:<\/b><\/p>\n[fusion_checklist icon=\"fusion-prefix-nutritionist-check\" iconcolor=\"\" hue=\"\" saturation=\"\" lightness=\"\" alpha=\"\" circle=\"\" circlecolor=\"\" textcolor=\"\" size=\"\" item_padding_top=\"0\" item_padding_right=\"\" item_padding_bottom=\"0\" item_padding_left=\"\" divider=\"\" divider_color=\"\" odd_row_bgcolor=\"\" even_row_bgcolor=\"\" hide_on_mobile=\"small-visibility,medium-visibility,large-visibility\" class=\"\" id=\"\"][fusion_li_item icon=\"\"]<\/p>\n<p><span style=\"font-weight: 400;\">Facial Profundo: Remoci\u00f3n de puntos negros en toda la cara.<\/span><\/p>\n<p>[\/fusion_li_item][fusion_li_item icon=\"\"]<\/p>\n<p>Carboxi Terapia en Gel: nuestra revolucionaria terapia sin agujas de CO2 Carboxy ayuda a estimular el metabolismo de la piel y la producci\u00f3n natural de ox\u00edgeno proporcionando una hidrataci\u00f3n profunda. La piel se ve dram\u00e1ticamente m\u00e1s radiante, m\u00e1s fresca, m\u00e1s uniforme, menos arrugada y saludable despu\u00e9s del primer uso. Tambi\u00e9n es eficaz para el tratamiento de moretones, hinchaz\u00f3n y acn\u00e9.<\/p>\n<p>[\/fusion_li_item][fusion_li_item icon=\"\"]<\/p>\n<p>Microagujas + Booster seg\u00fan el tipo de piel: Microagujas es un procedimiento de dermapen que utiliza peque\u00f1as agujas para penetrar la piel. El prop\u00f3sito del tratamiento es generar col\u00e1geno y nuevo tejido para una piel m\u00e1s suave, firme y tonificada. Las microagujas se usa principalmente en la cara y puede tratar cicatrices, arrugas y poros dilatados, esto es con la ayuda de un refuerzo, que se elige de acuerdo con su tipo de piel.<\/p>\n<p>[\/fusion_li_item][fusion_li_item icon=\"\"]<\/p>\n<p>Mascarilla<\/p>\n<p>[\/fusion_li_item][fusion_li_item icon=\"\"]<\/p>\n<p>Terapia LED: una t\u00e9cnica desarrollada originalmente por la NASA, esta t\u00e9cnica revolucionaria es un elemento b\u00e1sico en la industria cosm\u00e9tica. Perfecta para reducir las l\u00edneas finas y las arrugas, las luces LED ayudan en la absorci\u00f3n de nuestro suero para estimular la producci\u00f3n de col\u00e1geno y aumentar el crecimiento de tejido nuevo.<\/p>\n<p>[\/fusion_li_item][\/fusion_checklist]\n<p><strong>Duraci\u00f3n<\/strong>: 2 horas<br \/>\n<strong>Costo Total<\/strong>: $2000 pesos <em>(incluye deposito)<\/em><br \/>\n<strong>Dep\u00f3sito<\/strong>: $500 pesos<\/p>\n","protected":false},"featured_media":3997,"comment_status":"open","ping_status":"closed","template":"","meta":[],"product_brand":[],"product_cat":[88,79,86,81,77,120],"product_tag":[103,104,91,94,95,98,106,107,89,92,99,102,96,100],"class_list":{"0":"post-2878","1":"product","2":"type-product","3":"status-publish","4":"has-post-thumbnail","6":"product_cat-carboxi","7":"product_cat-facial-es","8":"product_cat-mascara","9":"product_cat-micro-agujas","10":"product_cat-servicios","11":"product_cat-terapia-led","12":"product_tag-cancun-es","13":"product_tag-carboxi-terapia-en-gel","14":"product_tag-facial-es","15":"product_tag-facial-profundo","16":"product_tag-mascara","17":"product_tag-mexico-es","18":"product_tag-micro-agujas","19":"product_tag-microaguja","20":"product_tag-playa-del-carmen-es","21":"product_tag-proteccion-de-la-piel","22":"product_tag-quintana-roo-es","23":"product_tag-riviera-maya-es","24":"product_tag-terapia-led","25":"product_tag-tulum-es","27":"first","28":"instock","29":"virtual","30":"sold-individually","31":"taxable","32":"purchasable","33":"product-type-booking"},"booking_location":"","booking_location_type":"","booking_duration":120,"booking_duration_unit":"minute","booking_buffer":60,"booking_cost":2000,"booking_resources":[2570],"yoast_head":"<!-- This site is optimized with the Yoast SEO plugin v27.4 - https:\/\/yoast.com\/product\/yoast-seo-wordpress\/ -->\n<title>Combo Piel Perfecta - Skinbar by Andrea Zu\u00f1iga<\/title>\n<meta name=\"robots\" content=\"index, follow, max-snippet:-1, max-image-preview:large, max-video-preview:-1\" \/>\n<link rel=\"canonical\" href=\"https:\/\/skinbarbyaz.com\/es\/servicios\/combo-piel-perfecta\/\" \/>\n<meta property=\"og:locale\" content=\"es_MX\" \/>\n<meta property=\"og:type\" content=\"article\" \/>\n<meta property=\"og:title\" content=\"Combo Piel Perfecta - Skinbar by Andrea Zu\u00f1iga\" \/>\n<meta property=\"og:description\" content=\"Trata la sequedad y deshidrataci\u00f3n, las l\u00edneas finas, minimiza el tama\u00f1o de los poros, el da\u00f1o solar (pigmentaci\u00f3n) y las cicatrices de acn\u00e9.  Recomendado para personas de 18 a 40 a\u00f1os.  Se recomienda una sesi\u00f3n cada 3 a 4 semanas. Los resultados m\u00e1s dram\u00e1ticos no ser\u00e1n visibles hasta despu\u00e9s del tratamiento.  Incluye:    Duraci\u00f3n: 2 horas Costo Total: $2000 pesos (incluye deposito) Dep\u00f3sito: $500 pesos\" \/>\n<meta property=\"og:url\" content=\"https:\/\/skinbarbyaz.com\/es\/servicios\/combo-piel-perfecta\/\" \/>\n<meta property=\"og:site_name\" content=\"Skinbar by Andrea Zu\u00f1iga\" \/>\n<meta property=\"article:publisher\" content=\"https:\/\/www.facebook.com\/skinbarbyaz\" \/>\n<meta property=\"article:modified_time\" content=\"2025-10-15T15:58:55+00:00\" \/>\n<meta property=\"og:image\" content=\"https:\/\/skinbarbyaz.com\/wp-content\/uploads\/2022\/04\/perfect-skin-combo-1.jpg\" \/>\n\t<meta property=\"og:image:width\" content=\"612\" \/>\n\t<meta property=\"og:image:height\" content=\"408\" \/>\n\t<meta property=\"og:image:type\" content=\"image\/jpeg\" \/>\n<meta name=\"twitter:card\" content=\"summary_large_image\" \/>\n<script type=\"application\/ld+json\" class=\"yoast-schema-graph\">{\"@context\":\"https:\\\/\\\/schema.org\",\"@graph\":[{\"@type\":\"WebPage\",\"@id\":\"https:\\\/\\\/skinbarbyaz.com\\\/es\\\/servicios\\\/combo-piel-perfecta\\\/\",\"url\":\"https:\\\/\\\/skinbarbyaz.com\\\/es\\\/servicios\\\/combo-piel-perfecta\\\/\",\"name\":\"Combo Piel Perfecta - Skinbar by Andrea Zu\u00f1iga\",\"isPartOf\":{\"@id\":\"https:\\\/\\\/skinbarbyaz.com\\\/es\\\/#website\"},\"primaryImageOfPage\":{\"@id\":\"https:\\\/\\\/skinbarbyaz.com\\\/es\\\/servicios\\\/combo-piel-perfecta\\\/#primaryimage\"},\"image\":{\"@id\":\"https:\\\/\\\/skinbarbyaz.com\\\/es\\\/servicios\\\/combo-piel-perfecta\\\/#primaryimage\"},\"thumbnailUrl\":\"https:\\\/\\\/skinbarbyaz.com\\\/wp-content\\\/uploads\\\/2022\\\/04\\\/perfect-skin-combo-1.jpg\",\"datePublished\":\"2022-04-16T03:06:53+00:00\",\"dateModified\":\"2025-10-15T15:58:55+00:00\",\"breadcrumb\":{\"@id\":\"https:\\\/\\\/skinbarbyaz.com\\\/es\\\/servicios\\\/combo-piel-perfecta\\\/#breadcrumb\"},\"inLanguage\":\"es\",\"potentialAction\":[{\"@type\":\"ReadAction\",\"target\":[\"https:\\\/\\\/skinbarbyaz.com\\\/es\\\/servicios\\\/combo-piel-perfecta\\\/\"]}]},{\"@type\":\"ImageObject\",\"inLanguage\":\"es\",\"@id\":\"https:\\\/\\\/skinbarbyaz.com\\\/es\\\/servicios\\\/combo-piel-perfecta\\\/#primaryimage\",\"url\":\"https:\\\/\\\/skinbarbyaz.com\\\/wp-content\\\/uploads\\\/2022\\\/04\\\/perfect-skin-combo-1.jpg\",\"contentUrl\":\"https:\\\/\\\/skinbarbyaz.com\\\/wp-content\\\/uploads\\\/2022\\\/04\\\/perfect-skin-combo-1.jpg\",\"width\":612,\"height\":408,\"caption\":\"Beautiful girl with curly hairstyle\"},{\"@type\":\"BreadcrumbList\",\"@id\":\"https:\\\/\\\/skinbarbyaz.com\\\/es\\\/servicios\\\/combo-piel-perfecta\\\/#breadcrumb\",\"itemListElement\":[{\"@type\":\"ListItem\",\"position\":1,\"name\":\"Home\",\"item\":\"https:\\\/\\\/skinbarbyaz.com\\\/es\\\/\"},{\"@type\":\"ListItem\",\"position\":2,\"name\":\"Servicios\",\"item\":\"https:\\\/\\\/skinbarbyaz.com\\\/es\\\/servicios\\\/\"},{\"@type\":\"ListItem\",\"position\":3,\"name\":\"Combo Piel Perfecta\"}]},{\"@type\":\"WebSite\",\"@id\":\"https:\\\/\\\/skinbarbyaz.com\\\/es\\\/#website\",\"url\":\"https:\\\/\\\/skinbarbyaz.com\\\/es\\\/\",\"name\":\"Skinbar by Andrea Zu\u00f1iga\",\"description\":\"Great skin doesn\u2019t happen by chance, it happens by appointment.\",\"publisher\":{\"@id\":\"https:\\\/\\\/skinbarbyaz.com\\\/es\\\/#organization\"},\"potentialAction\":[{\"@type\":\"SearchAction\",\"target\":{\"@type\":\"EntryPoint\",\"urlTemplate\":\"https:\\\/\\\/skinbarbyaz.com\\\/es\\\/?s={search_term_string}\"},\"query-input\":{\"@type\":\"PropertyValueSpecification\",\"valueRequired\":true,\"valueName\":\"search_term_string\"}}],\"inLanguage\":\"es\"},{\"@type\":\"Organization\",\"@id\":\"https:\\\/\\\/skinbarbyaz.com\\\/es\\\/#organization\",\"name\":\"SkinBar by Andrea Zu\u00f1iga\",\"url\":\"https:\\\/\\\/skinbarbyaz.com\\\/es\\\/\",\"logo\":{\"@type\":\"ImageObject\",\"inLanguage\":\"es\",\"@id\":\"https:\\\/\\\/skinbarbyaz.com\\\/es\\\/#\\\/schema\\\/logo\\\/image\\\/\",\"url\":\"https:\\\/\\\/skinbarbyaz.com\\\/wp-content\\\/uploads\\\/2022\\\/04\\\/164405005_4539302299429790_615823415186146139_n-Large.jpeg\",\"contentUrl\":\"https:\\\/\\\/skinbarbyaz.com\\\/wp-content\\\/uploads\\\/2022\\\/04\\\/164405005_4539302299429790_615823415186146139_n-Large.jpeg\",\"width\":1280,\"height\":828,\"caption\":\"SkinBar by Andrea Zu\u00f1iga\"},\"image\":{\"@id\":\"https:\\\/\\\/skinbarbyaz.com\\\/es\\\/#\\\/schema\\\/logo\\\/image\\\/\"},\"sameAs\":[\"https:\\\/\\\/www.facebook.com\\\/skinbarbyaz\",\"https:\\\/\\\/www.instagram.com\\\/skinbarbyaz\\\/\"]}]}<\/script>\n<!-- \/ Yoast SEO plugin. -->","yoast_head_json":{"title":"Combo Piel Perfecta - Skinbar by Andrea Zu\u00f1iga","robots":{"index":"index","follow":"follow","max-snippet":"max-snippet:-1","max-image-preview":"max-image-preview:large","max-video-preview":"max-video-preview:-1"},"canonical":"https:\/\/skinbarbyaz.com\/es\/servicios\/combo-piel-perfecta\/","og_locale":"es_MX","og_type":"article","og_title":"Combo Piel Perfecta - Skinbar by Andrea Zu\u00f1iga","og_description":"Trata la sequedad y deshidrataci\u00f3n, las l\u00edneas finas, minimiza el tama\u00f1o de los poros, el da\u00f1o solar (pigmentaci\u00f3n) y las cicatrices de acn\u00e9.  Recomendado para personas de 18 a 40 a\u00f1os.  Se recomienda una sesi\u00f3n cada 3 a 4 semanas. Los resultados m\u00e1s dram\u00e1ticos no ser\u00e1n visibles hasta despu\u00e9s del tratamiento.  Incluye:    Duraci\u00f3n: 2 horas Costo Total: $2000 pesos (incluye deposito) Dep\u00f3sito: $500 pesos","og_url":"https:\/\/skinbarbyaz.com\/es\/servicios\/combo-piel-perfecta\/","og_site_name":"Skinbar by Andrea Zu\u00f1iga","article_publisher":"https:\/\/www.facebook.com\/skinbarbyaz","article_modified_time":"2025-10-15T15:58:55+00:00","og_image":[{"width":612,"height":408,"url":"https:\/\/skinbarbyaz.com\/wp-content\/uploads\/2022\/04\/perfect-skin-combo-1.jpg","type":"image\/jpeg"}],"twitter_card":"summary_large_image","schema":{"@context":"https:\/\/schema.org","@graph":[{"@type":"WebPage","@id":"https:\/\/skinbarbyaz.com\/es\/servicios\/combo-piel-perfecta\/","url":"https:\/\/skinbarbyaz.com\/es\/servicios\/combo-piel-perfecta\/","name":"Combo Piel Perfecta - Skinbar by Andrea Zu\u00f1iga","isPartOf":{"@id":"https:\/\/skinbarbyaz.com\/es\/#website"},"primaryImageOfPage":{"@id":"https:\/\/skinbarbyaz.com\/es\/servicios\/combo-piel-perfecta\/#primaryimage"},"image":{"@id":"https:\/\/skinbarbyaz.com\/es\/servicios\/combo-piel-perfecta\/#primaryimage"},"thumbnailUrl":"https:\/\/skinbarbyaz.com\/wp-content\/uploads\/2022\/04\/perfect-skin-combo-1.jpg","datePublished":"2022-04-16T03:06:53+00:00","dateModified":"2025-10-15T15:58:55+00:00","breadcrumb":{"@id":"https:\/\/skinbarbyaz.com\/es\/servicios\/combo-piel-perfecta\/#breadcrumb"},"inLanguage":"es","potentialAction":[{"@type":"ReadAction","target":["https:\/\/skinbarbyaz.com\/es\/servicios\/combo-piel-perfecta\/"]}]},{"@type":"ImageObject","inLanguage":"es","@id":"https:\/\/skinbarbyaz.com\/es\/servicios\/combo-piel-perfecta\/#primaryimage","url":"https:\/\/skinbarbyaz.com\/wp-content\/uploads\/2022\/04\/perfect-skin-combo-1.jpg","contentUrl":"https:\/\/skinbarbyaz.com\/wp-content\/uploads\/2022\/04\/perfect-skin-combo-1.jpg","width":612,"height":408,"caption":"Beautiful girl with curly hairstyle"},{"@type":"BreadcrumbList","@id":"https:\/\/skinbarbyaz.com\/es\/servicios\/combo-piel-perfecta\/#breadcrumb","itemListElement":[{"@type":"ListItem","position":1,"name":"Home","item":"https:\/\/skinbarbyaz.com\/es\/"},{"@type":"ListItem","position":2,"name":"Servicios","item":"https:\/\/skinbarbyaz.com\/es\/servicios\/"},{"@type":"ListItem","position":3,"name":"Combo Piel Perfecta"}]},{"@type":"WebSite","@id":"https:\/\/skinbarbyaz.com\/es\/#website","url":"https:\/\/skinbarbyaz.com\/es\/","name":"Skinbar by Andrea Zu\u00f1iga","description":"Great skin doesn\u2019t happen by chance, it happens by appointment.","publisher":{"@id":"https:\/\/skinbarbyaz.com\/es\/#organization"},"potentialAction":[{"@type":"SearchAction","target":{"@type":"EntryPoint","urlTemplate":"https:\/\/skinbarbyaz.com\/es\/?s={search_term_string}"},"query-input":{"@type":"PropertyValueSpecification","valueRequired":true,"valueName":"search_term_string"}}],"inLanguage":"es"},{"@type":"Organization","@id":"https:\/\/skinbarbyaz.com\/es\/#organization","name":"SkinBar by Andrea Zu\u00f1iga","url":"https:\/\/skinbarbyaz.com\/es\/","logo":{"@type":"ImageObject","inLanguage":"es","@id":"https:\/\/skinbarbyaz.com\/es\/#\/schema\/logo\/image\/","url":"https:\/\/skinbarbyaz.com\/wp-content\/uploads\/2022\/04\/164405005_4539302299429790_615823415186146139_n-Large.jpeg","contentUrl":"https:\/\/skinbarbyaz.com\/wp-content\/uploads\/2022\/04\/164405005_4539302299429790_615823415186146139_n-Large.jpeg","width":1280,"height":828,"caption":"SkinBar by Andrea Zu\u00f1iga"},"image":{"@id":"https:\/\/skinbarbyaz.com\/es\/#\/schema\/logo\/image\/"},"sameAs":["https:\/\/www.facebook.com\/skinbarbyaz","https:\/\/www.instagram.com\/skinbarbyaz\/"]}]}},"_links":{"self":[{"href":"https:\/\/skinbarbyaz.com\/es\/wp-json\/wp\/v2\/product\/2878","targetHints":{"allow":["GET"]}}],"collection":[{"href":"https:\/\/skinbarbyaz.com\/es\/wp-json\/wp\/v2\/product"}],"about":[{"href":"https:\/\/skinbarbyaz.com\/es\/wp-json\/wp\/v2\/types\/product"}],"replies":[{"embeddable":true,"href":"https:\/\/skinbarbyaz.com\/es\/wp-json\/wp\/v2\/comments?post=2878"}],"wp:featuredmedia":[{"embeddable":true,"href":"https:\/\/skinbarbyaz.com\/es\/wp-json\/wp\/v2\/media\/3997"}],"wp:attachment":[{"href":"https:\/\/skinbarbyaz.com\/es\/wp-json\/wp\/v2\/media?parent=2878"}],"wp:term":[{"taxonomy":"product_brand","embeddable":true,"href":"https:\/\/skinbarbyaz.com\/es\/wp-json\/wp\/v2\/product_brand?post=2878"},{"taxonomy":"product_cat","embeddable":true,"href":"https:\/\/skinbarbyaz.com\/es\/wp-json\/wp\/v2\/product_cat?post=2878"},{"taxonomy":"product_tag","embeddable":true,"href":"https:\/\/skinbarbyaz.com\/es\/wp-json\/wp\/v2\/product_tag?post=2878"}],"curies":[{"name":"wp","href":"https:\/\/api.w.org\/{rel}","templated":true}]}}