{"id":2879,"date":"2022-04-15T18:57:36","date_gmt":"2022-04-15T23:57:36","guid":{"rendered":"https:\/\/skinbarbyaz.com\/services\/combo-forever-young-cuello-y-pecho\/"},"modified":"2025-10-15T10:59:53","modified_gmt":"2025-10-15T15:59:53","slug":"combo-siempre-joven-cuello-pecho","status":"publish","type":"product","link":"https:\/\/skinbarbyaz.com\/es\/servicios\/combo-siempre-joven-cuello-pecho\/","title":{"rendered":"Combo Siempre Joven + Cuello y Pecho"},"content":{"rendered":"","protected":false},"excerpt":{"rendered":"<p>Para el envejecimiento, arrugas, da\u00f1o solar (pigmentaci\u00f3n) y tono\/ textura de piel irregular.<\/p>\n<p>Recomendado para mayores de 40 a\u00f1os.<\/p>\n<p>Se recomienda una sesi\u00f3n cada 3 a 4 semanas. Los resultados m\u00e1s dram\u00e1ticos no ser\u00e1n visibles hasta despu\u00e9s del tratamiento.<\/p>\n<p><b>Incluye:<\/b><\/p>\n[fusion_checklist icon=\"fusion-prefix-nutritionist-check\" iconcolor=\"\" hue=\"\" saturation=\"\" lightness=\"\" alpha=\"\" circle=\"\" circlecolor=\"\" textcolor=\"\" size=\"\" item_padding_top=\"0\" item_padding_right=\"\" item_padding_bottom=\"0\" item_padding_left=\"\" divider=\"\" divider_color=\"\" odd_row_bgcolor=\"\" even_row_bgcolor=\"\" hide_on_mobile=\"small-visibility,medium-visibility,large-visibility\" class=\"\" id=\"\"][fusion_li_item icon=\"\"]<\/p>\n<p><span style=\"font-weight: 400;\">Facial Profundo: Remoci\u00f3n de puntos negros en toda la cara.<\/span><\/p>\n<p>[\/fusion_li_item][fusion_li_item icon=\"\"]<\/p>\n<p>Radiofrecuencia facial: es un tratamiento est\u00e9tico no invasivo que utiliza ondas electromagn\u00e9ticas para estimular la producci\u00f3n de col\u00e1geno y elastina en la piel. Este procedimiento ayuda a reducir la flacidez y las arrugas, y mejora la textura y el tono de la piel.<\/p>\n<p>[\/fusion_li_item][fusion_li_item icon=\"\"]<\/p>\n<p>Carboxi Terapia en Gel: nuestra revolucionaria terapia sin agujas de CO2 Carboxy ayuda a estimular el metabolismo de la piel y la producci\u00f3n natural de ox\u00edgeno proporcionando una hidrataci\u00f3n profunda. La piel se ve dram\u00e1ticamente m\u00e1s radiante, m\u00e1s fresca, m\u00e1s uniforme, menos arrugada y flexible despu\u00e9s del primer uso. Tambi\u00e9n es eficaz para el tratamiento de moretones, hinchaz\u00f3n y acn\u00e9.<\/p>\n<p>[\/fusion_li_item][fusion_li_item icon=\"\"]<\/p>\n<p>Microagujas + Booster seg\u00fan tipo de piel: Microagujas es un procedimiento de dermapen que utiliza peque\u00f1as agujas para penetrar la piel. El prop\u00f3sito del tratamiento es generar col\u00e1geno y nuevo tejido para una piel m\u00e1s suave, firme y tonificada. Las microagujas se usan principalmente en la cara y puede tratar cicatrices, arrugas y poros dilatados, esto es con la ayuda de un suero, que se elige de acuerdo a su tipo de piel.<\/p>\n<p>[\/fusion_li_item][fusion_li_item icon=\"\"]<\/p>\n<p>Mascarilla<\/p>\n<p>[\/fusion_li_item][fusion_li_item icon=\"\"]<\/p>\n<p>Terapia LED: una t\u00e9cnica desarrollada originalmente por la NASA, esta t\u00e9cnica revolucionaria es un elemento b\u00e1sico en la industria cosm\u00e9tica. Perfecta para reducir las l\u00edneas finas y las arrugas, las luces LED ayudan en la absorci\u00f3n de nuestro suero para estimular la producci\u00f3n de col\u00e1geno y aumentar el crecimiento de tejido nuevo.<\/p>\n<p>[\/fusion_li_item][\/fusion_checklist]\n<p><strong>Duraci\u00f3n<\/strong>: 2 horas y 40 minutos<br \/>\n<strong>Costo Total<\/strong>: $3500 pesos <em>(incluye deposito)<\/em><br \/>\n<strong>Dep\u00f3sito<\/strong>: $500 pesos<\/p>\n","protected":false},"featured_media":2726,"comment_status":"open","ping_status":"closed","template":"","meta":[],"product_brand":[],"product_cat":[80,85,90,79,87,81,82,77],"product_tag":[103,110,109,91,94,105,112,95,98,106,107,111,89,92,99,102,108,96,100],"class_list":{"0":"post-2879","1":"product","2":"type-product","3":"status-publish","4":"has-post-thumbnail","6":"product_cat-acne-es","7":"product_cat-combinado","8":"product_cat-cuello","9":"product_cat-facial-es","10":"product_cat-hidrodermoabrasion","11":"product_cat-micro-agujas","12":"product_cat-pecho","13":"product_cat-servicios","14":"product_tag-cancun-es","15":"product_tag-cuello","16":"product_tag-dermapen-es","17":"product_tag-facial-es","18":"product_tag-facial-profundo","19":"product_tag-hidrodermoabrasion","20":"product_tag-joven-para-siempre","21":"product_tag-mascara","22":"product_tag-mexico-es","23":"product_tag-micro-agujas","24":"product_tag-microaguja","25":"product_tag-pecho","26":"product_tag-playa-del-carmen-es","27":"product_tag-proteccion-de-la-piel","28":"product_tag-quintana-roo-es","29":"product_tag-riviera-maya-es","30":"product_tag-suero","31":"product_tag-terapia-led","32":"product_tag-tulum-es","34":"first","35":"instock","36":"virtual","37":"sold-individually","38":"taxable","39":"purchasable","40":"product-type-booking"},"booking_location":"","booking_location_type":"","booking_duration":160,"booking_duration_unit":"minute","booking_buffer":0,"booking_cost":3500,"booking_resources":[2570],"yoast_head":"<!-- This site is optimized with the Yoast SEO plugin v27.4 - https:\/\/yoast.com\/product\/yoast-seo-wordpress\/ -->\n<title>Combo Siempre Joven + Cuello y Pecho - Skinbar by Andrea Zu\u00f1iga<\/title>\n<meta name=\"robots\" content=\"index, follow, max-snippet:-1, max-image-preview:large, max-video-preview:-1\" \/>\n<link rel=\"canonical\" href=\"https:\/\/skinbarbyaz.com\/es\/servicios\/combo-siempre-joven-cuello-pecho\/\" \/>\n<meta property=\"og:locale\" content=\"es_MX\" \/>\n<meta property=\"og:type\" content=\"article\" \/>\n<meta property=\"og:title\" content=\"Combo Siempre Joven + Cuello y Pecho - Skinbar by Andrea Zu\u00f1iga\" \/>\n<meta property=\"og:description\" content=\"Para el envejecimiento, arrugas, da\u00f1o solar (pigmentaci\u00f3n) y tono\/ textura de piel irregular.  Recomendado para mayores de 40 a\u00f1os.  Se recomienda una sesi\u00f3n cada 3 a 4 semanas. Los resultados m\u00e1s dram\u00e1ticos no ser\u00e1n visibles hasta despu\u00e9s del tratamiento.  Incluye:    Duraci\u00f3n: 2 horas y 40 minutos Costo Total: $3500 pesos (incluye deposito) Dep\u00f3sito: $500 pesos\" \/>\n<meta property=\"og:url\" content=\"https:\/\/skinbarbyaz.com\/es\/servicios\/combo-siempre-joven-cuello-pecho\/\" \/>\n<meta property=\"og:site_name\" content=\"Skinbar by Andrea Zu\u00f1iga\" \/>\n<meta property=\"article:publisher\" content=\"https:\/\/www.facebook.com\/skinbarbyaz\" \/>\n<meta property=\"article:modified_time\" content=\"2025-10-15T15:59:53+00:00\" \/>\n<meta property=\"og:image\" content=\"https:\/\/skinbarbyaz.com\/wp-content\/uploads\/2022\/04\/forever-young-combo-neck-chest.jpeg\" \/>\n\t<meta property=\"og:image:width\" content=\"612\" \/>\n\t<meta property=\"og:image:height\" content=\"408\" \/>\n\t<meta property=\"og:image:type\" content=\"image\/jpeg\" \/>\n<meta name=\"twitter:card\" content=\"summary_large_image\" \/>\n<script type=\"application\/ld+json\" class=\"yoast-schema-graph\">{\"@context\":\"https:\\\/\\\/schema.org\",\"@graph\":[{\"@type\":\"WebPage\",\"@id\":\"https:\\\/\\\/skinbarbyaz.com\\\/es\\\/servicios\\\/combo-siempre-joven-cuello-pecho\\\/\",\"url\":\"https:\\\/\\\/skinbarbyaz.com\\\/es\\\/servicios\\\/combo-siempre-joven-cuello-pecho\\\/\",\"name\":\"Combo Siempre Joven + Cuello y Pecho - Skinbar by Andrea Zu\u00f1iga\",\"isPartOf\":{\"@id\":\"https:\\\/\\\/skinbarbyaz.com\\\/es\\\/#website\"},\"primaryImageOfPage\":{\"@id\":\"https:\\\/\\\/skinbarbyaz.com\\\/es\\\/servicios\\\/combo-siempre-joven-cuello-pecho\\\/#primaryimage\"},\"image\":{\"@id\":\"https:\\\/\\\/skinbarbyaz.com\\\/es\\\/servicios\\\/combo-siempre-joven-cuello-pecho\\\/#primaryimage\"},\"thumbnailUrl\":\"https:\\\/\\\/skinbarbyaz.com\\\/wp-content\\\/uploads\\\/2022\\\/04\\\/forever-young-combo-neck-chest.jpeg\",\"datePublished\":\"2022-04-15T23:57:36+00:00\",\"dateModified\":\"2025-10-15T15:59:53+00:00\",\"breadcrumb\":{\"@id\":\"https:\\\/\\\/skinbarbyaz.com\\\/es\\\/servicios\\\/combo-siempre-joven-cuello-pecho\\\/#breadcrumb\"},\"inLanguage\":\"es\",\"potentialAction\":[{\"@type\":\"ReadAction\",\"target\":[\"https:\\\/\\\/skinbarbyaz.com\\\/es\\\/servicios\\\/combo-siempre-joven-cuello-pecho\\\/\"]}]},{\"@type\":\"ImageObject\",\"inLanguage\":\"es\",\"@id\":\"https:\\\/\\\/skinbarbyaz.com\\\/es\\\/servicios\\\/combo-siempre-joven-cuello-pecho\\\/#primaryimage\",\"url\":\"https:\\\/\\\/skinbarbyaz.com\\\/wp-content\\\/uploads\\\/2022\\\/04\\\/forever-young-combo-neck-chest.jpeg\",\"contentUrl\":\"https:\\\/\\\/skinbarbyaz.com\\\/wp-content\\\/uploads\\\/2022\\\/04\\\/forever-young-combo-neck-chest.jpeg\",\"width\":612,\"height\":408,\"caption\":\"Playa del Carmen Forever Young combo with neck and chest Skin treatment by certified esthetician Skinbar by Andrea Zu\u00f1iga\"},{\"@type\":\"BreadcrumbList\",\"@id\":\"https:\\\/\\\/skinbarbyaz.com\\\/es\\\/servicios\\\/combo-siempre-joven-cuello-pecho\\\/#breadcrumb\",\"itemListElement\":[{\"@type\":\"ListItem\",\"position\":1,\"name\":\"Home\",\"item\":\"https:\\\/\\\/skinbarbyaz.com\\\/es\\\/\"},{\"@type\":\"ListItem\",\"position\":2,\"name\":\"Servicios\",\"item\":\"https:\\\/\\\/skinbarbyaz.com\\\/es\\\/servicios\\\/\"},{\"@type\":\"ListItem\",\"position\":3,\"name\":\"Combo Siempre Joven + Cuello y Pecho\"}]},{\"@type\":\"WebSite\",\"@id\":\"https:\\\/\\\/skinbarbyaz.com\\\/es\\\/#website\",\"url\":\"https:\\\/\\\/skinbarbyaz.com\\\/es\\\/\",\"name\":\"Skinbar by Andrea Zu\u00f1iga\",\"description\":\"Great skin doesn\u2019t happen by chance, it happens by appointment.\",\"publisher\":{\"@id\":\"https:\\\/\\\/skinbarbyaz.com\\\/es\\\/#organization\"},\"potentialAction\":[{\"@type\":\"SearchAction\",\"target\":{\"@type\":\"EntryPoint\",\"urlTemplate\":\"https:\\\/\\\/skinbarbyaz.com\\\/es\\\/?s={search_term_string}\"},\"query-input\":{\"@type\":\"PropertyValueSpecification\",\"valueRequired\":true,\"valueName\":\"search_term_string\"}}],\"inLanguage\":\"es\"},{\"@type\":\"Organization\",\"@id\":\"https:\\\/\\\/skinbarbyaz.com\\\/es\\\/#organization\",\"name\":\"SkinBar by Andrea Zu\u00f1iga\",\"url\":\"https:\\\/\\\/skinbarbyaz.com\\\/es\\\/\",\"logo\":{\"@type\":\"ImageObject\",\"inLanguage\":\"es\",\"@id\":\"https:\\\/\\\/skinbarbyaz.com\\\/es\\\/#\\\/schema\\\/logo\\\/image\\\/\",\"url\":\"https:\\\/\\\/skinbarbyaz.com\\\/wp-content\\\/uploads\\\/2022\\\/04\\\/164405005_4539302299429790_615823415186146139_n-Large.jpeg\",\"contentUrl\":\"https:\\\/\\\/skinbarbyaz.com\\\/wp-content\\\/uploads\\\/2022\\\/04\\\/164405005_4539302299429790_615823415186146139_n-Large.jpeg\",\"width\":1280,\"height\":828,\"caption\":\"SkinBar by Andrea Zu\u00f1iga\"},\"image\":{\"@id\":\"https:\\\/\\\/skinbarbyaz.com\\\/es\\\/#\\\/schema\\\/logo\\\/image\\\/\"},\"sameAs\":[\"https:\\\/\\\/www.facebook.com\\\/skinbarbyaz\",\"https:\\\/\\\/www.instagram.com\\\/skinbarbyaz\\\/\"]}]}<\/script>\n<!-- \/ Yoast SEO plugin. -->","yoast_head_json":{"title":"Combo Siempre Joven + Cuello y Pecho - Skinbar by Andrea Zu\u00f1iga","robots":{"index":"index","follow":"follow","max-snippet":"max-snippet:-1","max-image-preview":"max-image-preview:large","max-video-preview":"max-video-preview:-1"},"canonical":"https:\/\/skinbarbyaz.com\/es\/servicios\/combo-siempre-joven-cuello-pecho\/","og_locale":"es_MX","og_type":"article","og_title":"Combo Siempre Joven + Cuello y Pecho - Skinbar by Andrea Zu\u00f1iga","og_description":"Para el envejecimiento, arrugas, da\u00f1o solar (pigmentaci\u00f3n) y tono\/ textura de piel irregular.  Recomendado para mayores de 40 a\u00f1os.  Se recomienda una sesi\u00f3n cada 3 a 4 semanas. Los resultados m\u00e1s dram\u00e1ticos no ser\u00e1n visibles hasta despu\u00e9s del tratamiento.  Incluye:    Duraci\u00f3n: 2 horas y 40 minutos Costo Total: $3500 pesos (incluye deposito) Dep\u00f3sito: $500 pesos","og_url":"https:\/\/skinbarbyaz.com\/es\/servicios\/combo-siempre-joven-cuello-pecho\/","og_site_name":"Skinbar by Andrea Zu\u00f1iga","article_publisher":"https:\/\/www.facebook.com\/skinbarbyaz","article_modified_time":"2025-10-15T15:59:53+00:00","og_image":[{"width":612,"height":408,"url":"https:\/\/skinbarbyaz.com\/wp-content\/uploads\/2022\/04\/forever-young-combo-neck-chest.jpeg","type":"image\/jpeg"}],"twitter_card":"summary_large_image","schema":{"@context":"https:\/\/schema.org","@graph":[{"@type":"WebPage","@id":"https:\/\/skinbarbyaz.com\/es\/servicios\/combo-siempre-joven-cuello-pecho\/","url":"https:\/\/skinbarbyaz.com\/es\/servicios\/combo-siempre-joven-cuello-pecho\/","name":"Combo Siempre Joven + Cuello y Pecho - Skinbar by Andrea Zu\u00f1iga","isPartOf":{"@id":"https:\/\/skinbarbyaz.com\/es\/#website"},"primaryImageOfPage":{"@id":"https:\/\/skinbarbyaz.com\/es\/servicios\/combo-siempre-joven-cuello-pecho\/#primaryimage"},"image":{"@id":"https:\/\/skinbarbyaz.com\/es\/servicios\/combo-siempre-joven-cuello-pecho\/#primaryimage"},"thumbnailUrl":"https:\/\/skinbarbyaz.com\/wp-content\/uploads\/2022\/04\/forever-young-combo-neck-chest.jpeg","datePublished":"2022-04-15T23:57:36+00:00","dateModified":"2025-10-15T15:59:53+00:00","breadcrumb":{"@id":"https:\/\/skinbarbyaz.com\/es\/servicios\/combo-siempre-joven-cuello-pecho\/#breadcrumb"},"inLanguage":"es","potentialAction":[{"@type":"ReadAction","target":["https:\/\/skinbarbyaz.com\/es\/servicios\/combo-siempre-joven-cuello-pecho\/"]}]},{"@type":"ImageObject","inLanguage":"es","@id":"https:\/\/skinbarbyaz.com\/es\/servicios\/combo-siempre-joven-cuello-pecho\/#primaryimage","url":"https:\/\/skinbarbyaz.com\/wp-content\/uploads\/2022\/04\/forever-young-combo-neck-chest.jpeg","contentUrl":"https:\/\/skinbarbyaz.com\/wp-content\/uploads\/2022\/04\/forever-young-combo-neck-chest.jpeg","width":612,"height":408,"caption":"Playa del Carmen Forever Young combo with neck and chest Skin treatment by certified esthetician Skinbar by Andrea Zu\u00f1iga"},{"@type":"BreadcrumbList","@id":"https:\/\/skinbarbyaz.com\/es\/servicios\/combo-siempre-joven-cuello-pecho\/#breadcrumb","itemListElement":[{"@type":"ListItem","position":1,"name":"Home","item":"https:\/\/skinbarbyaz.com\/es\/"},{"@type":"ListItem","position":2,"name":"Servicios","item":"https:\/\/skinbarbyaz.com\/es\/servicios\/"},{"@type":"ListItem","position":3,"name":"Combo Siempre Joven + Cuello y Pecho"}]},{"@type":"WebSite","@id":"https:\/\/skinbarbyaz.com\/es\/#website","url":"https:\/\/skinbarbyaz.com\/es\/","name":"Skinbar by Andrea Zu\u00f1iga","description":"Great skin doesn\u2019t happen by chance, it happens by appointment.","publisher":{"@id":"https:\/\/skinbarbyaz.com\/es\/#organization"},"potentialAction":[{"@type":"SearchAction","target":{"@type":"EntryPoint","urlTemplate":"https:\/\/skinbarbyaz.com\/es\/?s={search_term_string}"},"query-input":{"@type":"PropertyValueSpecification","valueRequired":true,"valueName":"search_term_string"}}],"inLanguage":"es"},{"@type":"Organization","@id":"https:\/\/skinbarbyaz.com\/es\/#organization","name":"SkinBar by Andrea Zu\u00f1iga","url":"https:\/\/skinbarbyaz.com\/es\/","logo":{"@type":"ImageObject","inLanguage":"es","@id":"https:\/\/skinbarbyaz.com\/es\/#\/schema\/logo\/image\/","url":"https:\/\/skinbarbyaz.com\/wp-content\/uploads\/2022\/04\/164405005_4539302299429790_615823415186146139_n-Large.jpeg","contentUrl":"https:\/\/skinbarbyaz.com\/wp-content\/uploads\/2022\/04\/164405005_4539302299429790_615823415186146139_n-Large.jpeg","width":1280,"height":828,"caption":"SkinBar by Andrea Zu\u00f1iga"},"image":{"@id":"https:\/\/skinbarbyaz.com\/es\/#\/schema\/logo\/image\/"},"sameAs":["https:\/\/www.facebook.com\/skinbarbyaz","https:\/\/www.instagram.com\/skinbarbyaz\/"]}]}},"_links":{"self":[{"href":"https:\/\/skinbarbyaz.com\/es\/wp-json\/wp\/v2\/product\/2879","targetHints":{"allow":["GET"]}}],"collection":[{"href":"https:\/\/skinbarbyaz.com\/es\/wp-json\/wp\/v2\/product"}],"about":[{"href":"https:\/\/skinbarbyaz.com\/es\/wp-json\/wp\/v2\/types\/product"}],"replies":[{"embeddable":true,"href":"https:\/\/skinbarbyaz.com\/es\/wp-json\/wp\/v2\/comments?post=2879"}],"wp:featuredmedia":[{"embeddable":true,"href":"https:\/\/skinbarbyaz.com\/es\/wp-json\/wp\/v2\/media\/2726"}],"wp:attachment":[{"href":"https:\/\/skinbarbyaz.com\/es\/wp-json\/wp\/v2\/media?parent=2879"}],"wp:term":[{"taxonomy":"product_brand","embeddable":true,"href":"https:\/\/skinbarbyaz.com\/es\/wp-json\/wp\/v2\/product_brand?post=2879"},{"taxonomy":"product_cat","embeddable":true,"href":"https:\/\/skinbarbyaz.com\/es\/wp-json\/wp\/v2\/product_cat?post=2879"},{"taxonomy":"product_tag","embeddable":true,"href":"https:\/\/skinbarbyaz.com\/es\/wp-json\/wp\/v2\/product_tag?post=2879"}],"curies":[{"name":"wp","href":"https:\/\/api.w.org\/{rel}","templated":true}]}}