{"id":2888,"date":"2022-04-09T02:09:49","date_gmt":"2022-04-09T07:09:49","guid":{"rendered":"https:\/\/skinbarbyaz.com\/services\/facial-profundo\/"},"modified":"2025-10-15T11:00:51","modified_gmt":"2025-10-15T16:00:51","slug":"facial-profundo","status":"publish","type":"product","link":"https:\/\/skinbarbyaz.com\/es\/servicios\/facial-profundo\/","title":{"rendered":"Facial Profundo"},"content":{"rendered":"","protected":false},"excerpt":{"rendered":"<p><b>Incluye:<\/b><\/p>\n[fusion_checklist icon=\"fusion-prefix-nutritionist-check\" iconcolor=\"\" hue=\"\" saturation=\"\" lightness=\"\" alpha=\"\" circle=\"\" circlecolor=\"\" textcolor=\"\" size=\"\" item_padding_top=\"0\" item_padding_right=\"\" item_padding_bottom=\"0\" item_padding_left=\"\" divider=\"\" divider_color=\"\" odd_row_bgcolor=\"\" even_row_bgcolor=\"\" hide_on_mobile=\"small-visibility,medium-visibility,large-visibility\" class=\"\" id=\"\"][fusion_li_item icon=\"\"]<\/p>\n<p>Facial Profundo: Remoci\u00f3n de puntos negros en toda la cara.<\/p>\n<p>[\/fusion_li_item][fusion_li_item icon=\"\"]<\/p>\n<p>Mascarilla<\/p>\n<p>[\/fusion_li_item][fusion_li_item icon=\"\"]<\/p>\n<p>Terapia LED: una t\u00e9cnica desarrollada originalmente por la NASA, esta t\u00e9cnica revolucionaria es un elemento b\u00e1sico en la industria cosm\u00e9tica. Perfecta para reducir las l\u00edneas finas y las arrugas, las luces LED ayudan en la absorci\u00f3n de nuestro suero para estimular la producci\u00f3n de col\u00e1geno y aumentar el crecimiento de tejido nuevo.<\/p>\n<p>[\/fusion_li_item][\/fusion_checklist]\n<p><strong>Duraci\u00f3n<\/strong>: 1 hora y 40 minutos<br \/>\n<strong>Costo Total<\/strong>: $1000 pesos <em>(incluye dep\u00f3sito)<\/em><br \/>\n<strong>Dep\u00f3sito<\/strong>: $300 pesos<\/p>\n","protected":false},"featured_media":2730,"comment_status":"open","ping_status":"closed","template":"","meta":[],"product_brand":[],"product_cat":[80,79,77],"product_tag":[103,91,94,95,98,89,92,99,102,96,100],"class_list":{"0":"post-2888","1":"product","2":"type-product","3":"status-publish","4":"has-post-thumbnail","6":"product_cat-acne-es","7":"product_cat-facial-es","8":"product_cat-servicios","9":"product_tag-cancun-es","10":"product_tag-facial-es","11":"product_tag-facial-profundo","12":"product_tag-mascara","13":"product_tag-mexico-es","14":"product_tag-playa-del-carmen-es","15":"product_tag-proteccion-de-la-piel","16":"product_tag-quintana-roo-es","17":"product_tag-riviera-maya-es","18":"product_tag-terapia-led","19":"product_tag-tulum-es","21":"first","22":"instock","23":"featured","24":"virtual","25":"sold-individually","26":"taxable","27":"purchasable","28":"product-type-booking"},"booking_location":"","booking_location_type":"","booking_duration":100,"booking_duration_unit":"minute","booking_buffer":65,"booking_cost":1000,"booking_resources":[2570],"yoast_head":"<!-- This site is optimized with the Yoast SEO plugin v27.4 - https:\/\/yoast.com\/product\/yoast-seo-wordpress\/ -->\n<title>Facial Profundo - Skinbar by Andrea Zu\u00f1iga<\/title>\n<meta name=\"robots\" content=\"index, follow, max-snippet:-1, max-image-preview:large, max-video-preview:-1\" \/>\n<link rel=\"canonical\" href=\"https:\/\/skinbarbyaz.com\/es\/servicios\/facial-profundo\/\" \/>\n<meta property=\"og:locale\" content=\"es_MX\" \/>\n<meta property=\"og:type\" content=\"article\" \/>\n<meta property=\"og:title\" content=\"Facial Profundo - Skinbar by Andrea Zu\u00f1iga\" \/>\n<meta property=\"og:description\" content=\"Incluye:    Duraci\u00f3n: 1 hora y 40 minutos Costo Total: $1000 pesos (incluye dep\u00f3sito) Dep\u00f3sito: $300 pesos\" \/>\n<meta property=\"og:url\" content=\"https:\/\/skinbarbyaz.com\/es\/servicios\/facial-profundo\/\" \/>\n<meta property=\"og:site_name\" content=\"Skinbar by Andrea Zu\u00f1iga\" \/>\n<meta property=\"article:publisher\" content=\"https:\/\/www.facebook.com\/skinbarbyaz\" \/>\n<meta property=\"article:modified_time\" content=\"2025-10-15T16:00:51+00:00\" \/>\n<meta property=\"og:image\" content=\"https:\/\/skinbarbyaz.com\/wp-content\/uploads\/2022\/04\/deep-facial.jpeg\" \/>\n\t<meta property=\"og:image:width\" content=\"612\" \/>\n\t<meta property=\"og:image:height\" content=\"408\" \/>\n\t<meta property=\"og:image:type\" content=\"image\/jpeg\" \/>\n<meta name=\"twitter:card\" content=\"summary_large_image\" \/>\n<script type=\"application\/ld+json\" class=\"yoast-schema-graph\">{\"@context\":\"https:\\\/\\\/schema.org\",\"@graph\":[{\"@type\":\"WebPage\",\"@id\":\"https:\\\/\\\/skinbarbyaz.com\\\/es\\\/servicios\\\/facial-profundo\\\/\",\"url\":\"https:\\\/\\\/skinbarbyaz.com\\\/es\\\/servicios\\\/facial-profundo\\\/\",\"name\":\"Facial Profundo - Skinbar by Andrea Zu\u00f1iga\",\"isPartOf\":{\"@id\":\"https:\\\/\\\/skinbarbyaz.com\\\/es\\\/#website\"},\"primaryImageOfPage\":{\"@id\":\"https:\\\/\\\/skinbarbyaz.com\\\/es\\\/servicios\\\/facial-profundo\\\/#primaryimage\"},\"image\":{\"@id\":\"https:\\\/\\\/skinbarbyaz.com\\\/es\\\/servicios\\\/facial-profundo\\\/#primaryimage\"},\"thumbnailUrl\":\"https:\\\/\\\/skinbarbyaz.com\\\/wp-content\\\/uploads\\\/2022\\\/04\\\/deep-facial.jpeg\",\"datePublished\":\"2022-04-09T07:09:49+00:00\",\"dateModified\":\"2025-10-15T16:00:51+00:00\",\"breadcrumb\":{\"@id\":\"https:\\\/\\\/skinbarbyaz.com\\\/es\\\/servicios\\\/facial-profundo\\\/#breadcrumb\"},\"inLanguage\":\"es\",\"potentialAction\":[{\"@type\":\"ReadAction\",\"target\":[\"https:\\\/\\\/skinbarbyaz.com\\\/es\\\/servicios\\\/facial-profundo\\\/\"]}]},{\"@type\":\"ImageObject\",\"inLanguage\":\"es\",\"@id\":\"https:\\\/\\\/skinbarbyaz.com\\\/es\\\/servicios\\\/facial-profundo\\\/#primaryimage\",\"url\":\"https:\\\/\\\/skinbarbyaz.com\\\/wp-content\\\/uploads\\\/2022\\\/04\\\/deep-facial.jpeg\",\"contentUrl\":\"https:\\\/\\\/skinbarbyaz.com\\\/wp-content\\\/uploads\\\/2022\\\/04\\\/deep-facial.jpeg\",\"width\":612,\"height\":408,\"caption\":\"Playa del Carmen deep facial skin treatment by certified esthetician Skinbar by Andrea Zu\u00f1iga\"},{\"@type\":\"BreadcrumbList\",\"@id\":\"https:\\\/\\\/skinbarbyaz.com\\\/es\\\/servicios\\\/facial-profundo\\\/#breadcrumb\",\"itemListElement\":[{\"@type\":\"ListItem\",\"position\":1,\"name\":\"Home\",\"item\":\"https:\\\/\\\/skinbarbyaz.com\\\/es\\\/\"},{\"@type\":\"ListItem\",\"position\":2,\"name\":\"Servicios\",\"item\":\"https:\\\/\\\/skinbarbyaz.com\\\/es\\\/servicios\\\/\"},{\"@type\":\"ListItem\",\"position\":3,\"name\":\"Facial Profundo\"}]},{\"@type\":\"WebSite\",\"@id\":\"https:\\\/\\\/skinbarbyaz.com\\\/es\\\/#website\",\"url\":\"https:\\\/\\\/skinbarbyaz.com\\\/es\\\/\",\"name\":\"Skinbar by Andrea Zu\u00f1iga\",\"description\":\"Great skin doesn\u2019t happen by chance, it happens by appointment.\",\"publisher\":{\"@id\":\"https:\\\/\\\/skinbarbyaz.com\\\/es\\\/#organization\"},\"potentialAction\":[{\"@type\":\"SearchAction\",\"target\":{\"@type\":\"EntryPoint\",\"urlTemplate\":\"https:\\\/\\\/skinbarbyaz.com\\\/es\\\/?s={search_term_string}\"},\"query-input\":{\"@type\":\"PropertyValueSpecification\",\"valueRequired\":true,\"valueName\":\"search_term_string\"}}],\"inLanguage\":\"es\"},{\"@type\":\"Organization\",\"@id\":\"https:\\\/\\\/skinbarbyaz.com\\\/es\\\/#organization\",\"name\":\"SkinBar by Andrea Zu\u00f1iga\",\"url\":\"https:\\\/\\\/skinbarbyaz.com\\\/es\\\/\",\"logo\":{\"@type\":\"ImageObject\",\"inLanguage\":\"es\",\"@id\":\"https:\\\/\\\/skinbarbyaz.com\\\/es\\\/#\\\/schema\\\/logo\\\/image\\\/\",\"url\":\"https:\\\/\\\/skinbarbyaz.com\\\/wp-content\\\/uploads\\\/2022\\\/04\\\/164405005_4539302299429790_615823415186146139_n-Large.jpeg\",\"contentUrl\":\"https:\\\/\\\/skinbarbyaz.com\\\/wp-content\\\/uploads\\\/2022\\\/04\\\/164405005_4539302299429790_615823415186146139_n-Large.jpeg\",\"width\":1280,\"height\":828,\"caption\":\"SkinBar by Andrea Zu\u00f1iga\"},\"image\":{\"@id\":\"https:\\\/\\\/skinbarbyaz.com\\\/es\\\/#\\\/schema\\\/logo\\\/image\\\/\"},\"sameAs\":[\"https:\\\/\\\/www.facebook.com\\\/skinbarbyaz\",\"https:\\\/\\\/www.instagram.com\\\/skinbarbyaz\\\/\"]}]}<\/script>\n<!-- \/ Yoast SEO plugin. -->","yoast_head_json":{"title":"Facial Profundo - Skinbar by Andrea Zu\u00f1iga","robots":{"index":"index","follow":"follow","max-snippet":"max-snippet:-1","max-image-preview":"max-image-preview:large","max-video-preview":"max-video-preview:-1"},"canonical":"https:\/\/skinbarbyaz.com\/es\/servicios\/facial-profundo\/","og_locale":"es_MX","og_type":"article","og_title":"Facial Profundo - Skinbar by Andrea Zu\u00f1iga","og_description":"Incluye:    Duraci\u00f3n: 1 hora y 40 minutos Costo Total: $1000 pesos (incluye dep\u00f3sito) Dep\u00f3sito: $300 pesos","og_url":"https:\/\/skinbarbyaz.com\/es\/servicios\/facial-profundo\/","og_site_name":"Skinbar by Andrea Zu\u00f1iga","article_publisher":"https:\/\/www.facebook.com\/skinbarbyaz","article_modified_time":"2025-10-15T16:00:51+00:00","og_image":[{"width":612,"height":408,"url":"https:\/\/skinbarbyaz.com\/wp-content\/uploads\/2022\/04\/deep-facial.jpeg","type":"image\/jpeg"}],"twitter_card":"summary_large_image","schema":{"@context":"https:\/\/schema.org","@graph":[{"@type":"WebPage","@id":"https:\/\/skinbarbyaz.com\/es\/servicios\/facial-profundo\/","url":"https:\/\/skinbarbyaz.com\/es\/servicios\/facial-profundo\/","name":"Facial Profundo - Skinbar by Andrea Zu\u00f1iga","isPartOf":{"@id":"https:\/\/skinbarbyaz.com\/es\/#website"},"primaryImageOfPage":{"@id":"https:\/\/skinbarbyaz.com\/es\/servicios\/facial-profundo\/#primaryimage"},"image":{"@id":"https:\/\/skinbarbyaz.com\/es\/servicios\/facial-profundo\/#primaryimage"},"thumbnailUrl":"https:\/\/skinbarbyaz.com\/wp-content\/uploads\/2022\/04\/deep-facial.jpeg","datePublished":"2022-04-09T07:09:49+00:00","dateModified":"2025-10-15T16:00:51+00:00","breadcrumb":{"@id":"https:\/\/skinbarbyaz.com\/es\/servicios\/facial-profundo\/#breadcrumb"},"inLanguage":"es","potentialAction":[{"@type":"ReadAction","target":["https:\/\/skinbarbyaz.com\/es\/servicios\/facial-profundo\/"]}]},{"@type":"ImageObject","inLanguage":"es","@id":"https:\/\/skinbarbyaz.com\/es\/servicios\/facial-profundo\/#primaryimage","url":"https:\/\/skinbarbyaz.com\/wp-content\/uploads\/2022\/04\/deep-facial.jpeg","contentUrl":"https:\/\/skinbarbyaz.com\/wp-content\/uploads\/2022\/04\/deep-facial.jpeg","width":612,"height":408,"caption":"Playa del Carmen deep facial skin treatment by certified esthetician Skinbar by Andrea Zu\u00f1iga"},{"@type":"BreadcrumbList","@id":"https:\/\/skinbarbyaz.com\/es\/servicios\/facial-profundo\/#breadcrumb","itemListElement":[{"@type":"ListItem","position":1,"name":"Home","item":"https:\/\/skinbarbyaz.com\/es\/"},{"@type":"ListItem","position":2,"name":"Servicios","item":"https:\/\/skinbarbyaz.com\/es\/servicios\/"},{"@type":"ListItem","position":3,"name":"Facial Profundo"}]},{"@type":"WebSite","@id":"https:\/\/skinbarbyaz.com\/es\/#website","url":"https:\/\/skinbarbyaz.com\/es\/","name":"Skinbar by Andrea Zu\u00f1iga","description":"Great skin doesn\u2019t happen by chance, it happens by appointment.","publisher":{"@id":"https:\/\/skinbarbyaz.com\/es\/#organization"},"potentialAction":[{"@type":"SearchAction","target":{"@type":"EntryPoint","urlTemplate":"https:\/\/skinbarbyaz.com\/es\/?s={search_term_string}"},"query-input":{"@type":"PropertyValueSpecification","valueRequired":true,"valueName":"search_term_string"}}],"inLanguage":"es"},{"@type":"Organization","@id":"https:\/\/skinbarbyaz.com\/es\/#organization","name":"SkinBar by Andrea Zu\u00f1iga","url":"https:\/\/skinbarbyaz.com\/es\/","logo":{"@type":"ImageObject","inLanguage":"es","@id":"https:\/\/skinbarbyaz.com\/es\/#\/schema\/logo\/image\/","url":"https:\/\/skinbarbyaz.com\/wp-content\/uploads\/2022\/04\/164405005_4539302299429790_615823415186146139_n-Large.jpeg","contentUrl":"https:\/\/skinbarbyaz.com\/wp-content\/uploads\/2022\/04\/164405005_4539302299429790_615823415186146139_n-Large.jpeg","width":1280,"height":828,"caption":"SkinBar by Andrea Zu\u00f1iga"},"image":{"@id":"https:\/\/skinbarbyaz.com\/es\/#\/schema\/logo\/image\/"},"sameAs":["https:\/\/www.facebook.com\/skinbarbyaz","https:\/\/www.instagram.com\/skinbarbyaz\/"]}]}},"_links":{"self":[{"href":"https:\/\/skinbarbyaz.com\/es\/wp-json\/wp\/v2\/product\/2888","targetHints":{"allow":["GET"]}}],"collection":[{"href":"https:\/\/skinbarbyaz.com\/es\/wp-json\/wp\/v2\/product"}],"about":[{"href":"https:\/\/skinbarbyaz.com\/es\/wp-json\/wp\/v2\/types\/product"}],"replies":[{"embeddable":true,"href":"https:\/\/skinbarbyaz.com\/es\/wp-json\/wp\/v2\/comments?post=2888"}],"wp:featuredmedia":[{"embeddable":true,"href":"https:\/\/skinbarbyaz.com\/es\/wp-json\/wp\/v2\/media\/2730"}],"wp:attachment":[{"href":"https:\/\/skinbarbyaz.com\/es\/wp-json\/wp\/v2\/media?parent=2888"}],"wp:term":[{"taxonomy":"product_brand","embeddable":true,"href":"https:\/\/skinbarbyaz.com\/es\/wp-json\/wp\/v2\/product_brand?post=2888"},{"taxonomy":"product_cat","embeddable":true,"href":"https:\/\/skinbarbyaz.com\/es\/wp-json\/wp\/v2\/product_cat?post=2888"},{"taxonomy":"product_tag","embeddable":true,"href":"https:\/\/skinbarbyaz.com\/es\/wp-json\/wp\/v2\/product_tag?post=2888"}],"curies":[{"name":"wp","href":"https:\/\/api.w.org\/{rel}","templated":true}]}}