{"id":5821,"date":"2023-03-05T21:57:52","date_gmt":"2023-03-06T02:57:52","guid":{"rendered":"https:\/\/skinbarbyaz.com\/?post_type=product&#038;p=5821"},"modified":"2025-10-15T10:58:37","modified_gmt":"2025-10-15T15:58:37","slug":"carboxy-terapia","status":"publish","type":"product","link":"https:\/\/skinbarbyaz.com\/es\/servicios\/carboxy-terapia\/","title":{"rendered":"Carboxy Terapia"},"content":{"rendered":"","protected":false},"excerpt":{"rendered":"<p>Perfecto para eventos o entre tratamientos que involucren microagujas.<\/p>\n<p>Transforma tu rutina de cuidado de la piel con nuestra f\u00f3rmula avanzada de carboxy que va m\u00e1s all\u00e1 de m\u00e9todos tradicionales anti-envejecimiento. Nuestro producto reduce las arrugas, tensa la piel, minimiza los poros para un cutis uniforme. Si ya usa botox, puede extender su duraci\u00f3n. Experimenta la evoluci\u00f3n de una piel m\u00e1s joven con nuestra soluci\u00f3n de carboxy de vanguardia que aumenta el metabolismo de la piel y la producci\u00f3n natural de ox\u00edgeno para una hidrataci\u00f3n profunda. Nuestra Terapia de carboxy sin agujas tambi\u00e9n es efectiva para el tratamiento de moretones, hinchaz\u00f3n y acn\u00e9. Obt\u00e9n la clave para una piel radiante y joven hoy mismo.<\/p>\n<p><b>Incluye:<\/b><\/p>\n[fusion_checklist icon=\"fusion-prefix-nutritionist-check\" iconcolor=\"\" hue=\"\" saturation=\"\" lightness=\"\" alpha=\"\" circle=\"\" circlecolor=\"\" textcolor=\"\" size=\"\" item_padding_top=\"0\" item_padding_right=\"\" item_padding_bottom=\"0\" item_padding_left=\"\" divider=\"\" divider_color=\"\" odd_row_bgcolor=\"\" even_row_bgcolor=\"\" hide_on_mobile=\"small-visibility,medium-visibility,large-visibility\" class=\"\" id=\"\"][fusion_li_item icon=\"\"]<\/p>\n<p>Facial<\/p>\n<p>[\/fusion_li_item][fusion_li_item icon=\"\"]<\/p>\n<p>Beneficios: Aclara la piel, da elasticidad, adelgaza, reafirma, hidrata, reduce los poros y controla el sebo facial.<\/p>\n<p>[\/fusion_li_item][fusion_li_item icon=\"\"]<\/p>\n<p>Mascarilla<\/p>\n<p>[\/fusion_li_item][fusion_li_item icon=\"\"]<\/p>\n<p>Terapia LED: una t\u00e9cnica desarrollada originalmente por la NASA, esta t\u00e9cnica revolucionaria es un elemento b\u00e1sico en la industria cosm\u00e9tica. Perfecta para reducir las l\u00edneas finas y las arrugas, las luces LED ayudan en la absorci\u00f3n de nuestro suero para estimular la producci\u00f3n de col\u00e1geno y aumentar el crecimiento de tejido nuevo.<\/p>\n<p>[\/fusion_li_item][\/fusion_checklist]\n<p><strong>Duraci\u00f3n<\/strong>: 1 hora<br \/>\n<strong>Costo Total<\/strong>: $1000 pesos <em>(incluye deposito)<\/em><br \/>\n<strong>Dep\u00f3sito<\/strong>: $500 pesos<\/p>\n","protected":false},"featured_media":5823,"comment_status":"open","ping_status":"closed","template":"","meta":[],"product_brand":[],"product_cat":[80,88,79,86,77,120],"product_tag":[103,104,124,91,95,98,89,92,99,102,96,100],"class_list":{"0":"post-5821","1":"product","2":"type-product","3":"status-publish","4":"has-post-thumbnail","6":"product_cat-acne-es","7":"product_cat-carboxi","8":"product_cat-facial-es","9":"product_cat-mascara","10":"product_cat-servicios","11":"product_cat-terapia-led","12":"product_tag-cancun-es","13":"product_tag-carboxi-terapia-en-gel","14":"product_tag-carboxy-es","15":"product_tag-facial-es","16":"product_tag-mascara","17":"product_tag-mexico-es","18":"product_tag-playa-del-carmen-es","19":"product_tag-proteccion-de-la-piel","20":"product_tag-quintana-roo-es","21":"product_tag-riviera-maya-es","22":"product_tag-terapia-led","23":"product_tag-tulum-es","25":"first","26":"instock","27":"featured","28":"virtual","29":"sold-individually","30":"taxable","31":"purchasable","32":"product-type-booking"},"booking_location":"","booking_location_type":"","booking_duration":60,"booking_duration_unit":"minute","booking_buffer":30,"booking_cost":1000,"booking_resources":[2570],"yoast_head":"<!-- This site is optimized with the Yoast SEO plugin v27.4 - https:\/\/yoast.com\/product\/yoast-seo-wordpress\/ -->\n<title>Carboxy Terapia - Skinbar by Andrea Zu\u00f1iga<\/title>\n<meta name=\"robots\" content=\"index, follow, max-snippet:-1, max-image-preview:large, max-video-preview:-1\" \/>\n<link rel=\"canonical\" href=\"https:\/\/skinbarbyaz.com\/es\/servicios\/carboxy-terapia\/\" \/>\n<meta property=\"og:locale\" content=\"es_MX\" \/>\n<meta property=\"og:type\" content=\"article\" \/>\n<meta property=\"og:title\" content=\"Carboxy Terapia - Skinbar by Andrea Zu\u00f1iga\" \/>\n<meta property=\"og:description\" content=\"Perfecto para eventos o entre tratamientos que involucren microagujas.  Transforma tu rutina de cuidado de la piel con nuestra f\u00f3rmula avanzada de carboxy que va m\u00e1s all\u00e1 de m\u00e9todos tradicionales anti-envejecimiento. Nuestro producto reduce las arrugas, tensa la piel, minimiza los poros para un cutis uniforme. Si ya usa botox, puede extender su duraci\u00f3n. Experimenta la evoluci\u00f3n de una piel m\u00e1s joven con nuestra soluci\u00f3n de carboxy de vanguardia que aumenta el metabolismo de la piel y la producci\u00f3n natural de ox\u00edgeno para una hidrataci\u00f3n profunda. Nuestra Terapia de carboxy sin agujas tambi\u00e9n es efectiva para el tratamiento de moretones, hinchaz\u00f3n y acn\u00e9. Obt\u00e9n la clave para una piel radiante y joven hoy mismo.  Incluye:    Duraci\u00f3n: 1 hora Costo Total: $1000 pesos (incluye deposito) Dep\u00f3sito: $500 pesos\" \/>\n<meta property=\"og:url\" content=\"https:\/\/skinbarbyaz.com\/es\/servicios\/carboxy-terapia\/\" \/>\n<meta property=\"og:site_name\" content=\"Skinbar by Andrea Zu\u00f1iga\" \/>\n<meta property=\"article:publisher\" content=\"https:\/\/www.facebook.com\/skinbarbyaz\" \/>\n<meta property=\"article:modified_time\" content=\"2025-10-15T15:58:37+00:00\" \/>\n<meta property=\"og:image\" content=\"https:\/\/skinbarbyaz.com\/wp-content\/uploads\/2023\/03\/carboxy-gel-therapy.jpg\" \/>\n\t<meta property=\"og:image:width\" content=\"600\" \/>\n\t<meta property=\"og:image:height\" content=\"400\" \/>\n\t<meta property=\"og:image:type\" content=\"image\/jpeg\" \/>\n<meta name=\"twitter:card\" content=\"summary_large_image\" \/>\n<script type=\"application\/ld+json\" class=\"yoast-schema-graph\">{\"@context\":\"https:\\\/\\\/schema.org\",\"@graph\":[{\"@type\":\"WebPage\",\"@id\":\"https:\\\/\\\/skinbarbyaz.com\\\/es\\\/servicios\\\/carboxy-terapia\\\/\",\"url\":\"https:\\\/\\\/skinbarbyaz.com\\\/es\\\/servicios\\\/carboxy-terapia\\\/\",\"name\":\"Carboxy Terapia - Skinbar by Andrea Zu\u00f1iga\",\"isPartOf\":{\"@id\":\"https:\\\/\\\/skinbarbyaz.com\\\/es\\\/#website\"},\"primaryImageOfPage\":{\"@id\":\"https:\\\/\\\/skinbarbyaz.com\\\/es\\\/servicios\\\/carboxy-terapia\\\/#primaryimage\"},\"image\":{\"@id\":\"https:\\\/\\\/skinbarbyaz.com\\\/es\\\/servicios\\\/carboxy-terapia\\\/#primaryimage\"},\"thumbnailUrl\":\"https:\\\/\\\/skinbarbyaz.com\\\/wp-content\\\/uploads\\\/2023\\\/03\\\/carboxy-gel-therapy.jpg\",\"datePublished\":\"2023-03-06T02:57:52+00:00\",\"dateModified\":\"2025-10-15T15:58:37+00:00\",\"breadcrumb\":{\"@id\":\"https:\\\/\\\/skinbarbyaz.com\\\/es\\\/servicios\\\/carboxy-terapia\\\/#breadcrumb\"},\"inLanguage\":\"es\",\"potentialAction\":[{\"@type\":\"ReadAction\",\"target\":[\"https:\\\/\\\/skinbarbyaz.com\\\/es\\\/servicios\\\/carboxy-terapia\\\/\"]}]},{\"@type\":\"ImageObject\",\"inLanguage\":\"es\",\"@id\":\"https:\\\/\\\/skinbarbyaz.com\\\/es\\\/servicios\\\/carboxy-terapia\\\/#primaryimage\",\"url\":\"https:\\\/\\\/skinbarbyaz.com\\\/wp-content\\\/uploads\\\/2023\\\/03\\\/carboxy-gel-therapy.jpg\",\"contentUrl\":\"https:\\\/\\\/skinbarbyaz.com\\\/wp-content\\\/uploads\\\/2023\\\/03\\\/carboxy-gel-therapy.jpg\",\"width\":600,\"height\":400,\"caption\":\"Playa del Carmen carboxy therapy by certified esthetician Skinbar by Andrea Zu\u00f1iga great skin care\"},{\"@type\":\"BreadcrumbList\",\"@id\":\"https:\\\/\\\/skinbarbyaz.com\\\/es\\\/servicios\\\/carboxy-terapia\\\/#breadcrumb\",\"itemListElement\":[{\"@type\":\"ListItem\",\"position\":1,\"name\":\"Home\",\"item\":\"https:\\\/\\\/skinbarbyaz.com\\\/es\\\/\"},{\"@type\":\"ListItem\",\"position\":2,\"name\":\"Servicios\",\"item\":\"https:\\\/\\\/skinbarbyaz.com\\\/es\\\/servicios\\\/\"},{\"@type\":\"ListItem\",\"position\":3,\"name\":\"Carboxy Terapia\"}]},{\"@type\":\"WebSite\",\"@id\":\"https:\\\/\\\/skinbarbyaz.com\\\/es\\\/#website\",\"url\":\"https:\\\/\\\/skinbarbyaz.com\\\/es\\\/\",\"name\":\"Skinbar by Andrea Zu\u00f1iga\",\"description\":\"Great skin doesn\u2019t happen by chance, it happens by appointment.\",\"publisher\":{\"@id\":\"https:\\\/\\\/skinbarbyaz.com\\\/es\\\/#organization\"},\"potentialAction\":[{\"@type\":\"SearchAction\",\"target\":{\"@type\":\"EntryPoint\",\"urlTemplate\":\"https:\\\/\\\/skinbarbyaz.com\\\/es\\\/?s={search_term_string}\"},\"query-input\":{\"@type\":\"PropertyValueSpecification\",\"valueRequired\":true,\"valueName\":\"search_term_string\"}}],\"inLanguage\":\"es\"},{\"@type\":\"Organization\",\"@id\":\"https:\\\/\\\/skinbarbyaz.com\\\/es\\\/#organization\",\"name\":\"SkinBar by Andrea Zu\u00f1iga\",\"url\":\"https:\\\/\\\/skinbarbyaz.com\\\/es\\\/\",\"logo\":{\"@type\":\"ImageObject\",\"inLanguage\":\"es\",\"@id\":\"https:\\\/\\\/skinbarbyaz.com\\\/es\\\/#\\\/schema\\\/logo\\\/image\\\/\",\"url\":\"https:\\\/\\\/skinbarbyaz.com\\\/wp-content\\\/uploads\\\/2022\\\/04\\\/164405005_4539302299429790_615823415186146139_n-Large.jpeg\",\"contentUrl\":\"https:\\\/\\\/skinbarbyaz.com\\\/wp-content\\\/uploads\\\/2022\\\/04\\\/164405005_4539302299429790_615823415186146139_n-Large.jpeg\",\"width\":1280,\"height\":828,\"caption\":\"SkinBar by Andrea Zu\u00f1iga\"},\"image\":{\"@id\":\"https:\\\/\\\/skinbarbyaz.com\\\/es\\\/#\\\/schema\\\/logo\\\/image\\\/\"},\"sameAs\":[\"https:\\\/\\\/www.facebook.com\\\/skinbarbyaz\",\"https:\\\/\\\/www.instagram.com\\\/skinbarbyaz\\\/\"]}]}<\/script>\n<!-- \/ Yoast SEO plugin. -->","yoast_head_json":{"title":"Carboxy Terapia - Skinbar by Andrea Zu\u00f1iga","robots":{"index":"index","follow":"follow","max-snippet":"max-snippet:-1","max-image-preview":"max-image-preview:large","max-video-preview":"max-video-preview:-1"},"canonical":"https:\/\/skinbarbyaz.com\/es\/servicios\/carboxy-terapia\/","og_locale":"es_MX","og_type":"article","og_title":"Carboxy Terapia - Skinbar by Andrea Zu\u00f1iga","og_description":"Perfecto para eventos o entre tratamientos que involucren microagujas.  Transforma tu rutina de cuidado de la piel con nuestra f\u00f3rmula avanzada de carboxy que va m\u00e1s all\u00e1 de m\u00e9todos tradicionales anti-envejecimiento. Nuestro producto reduce las arrugas, tensa la piel, minimiza los poros para un cutis uniforme. Si ya usa botox, puede extender su duraci\u00f3n. Experimenta la evoluci\u00f3n de una piel m\u00e1s joven con nuestra soluci\u00f3n de carboxy de vanguardia que aumenta el metabolismo de la piel y la producci\u00f3n natural de ox\u00edgeno para una hidrataci\u00f3n profunda. Nuestra Terapia de carboxy sin agujas tambi\u00e9n es efectiva para el tratamiento de moretones, hinchaz\u00f3n y acn\u00e9. Obt\u00e9n la clave para una piel radiante y joven hoy mismo.  Incluye:    Duraci\u00f3n: 1 hora Costo Total: $1000 pesos (incluye deposito) Dep\u00f3sito: $500 pesos","og_url":"https:\/\/skinbarbyaz.com\/es\/servicios\/carboxy-terapia\/","og_site_name":"Skinbar by Andrea Zu\u00f1iga","article_publisher":"https:\/\/www.facebook.com\/skinbarbyaz","article_modified_time":"2025-10-15T15:58:37+00:00","og_image":[{"width":600,"height":400,"url":"https:\/\/skinbarbyaz.com\/wp-content\/uploads\/2023\/03\/carboxy-gel-therapy.jpg","type":"image\/jpeg"}],"twitter_card":"summary_large_image","schema":{"@context":"https:\/\/schema.org","@graph":[{"@type":"WebPage","@id":"https:\/\/skinbarbyaz.com\/es\/servicios\/carboxy-terapia\/","url":"https:\/\/skinbarbyaz.com\/es\/servicios\/carboxy-terapia\/","name":"Carboxy Terapia - Skinbar by Andrea Zu\u00f1iga","isPartOf":{"@id":"https:\/\/skinbarbyaz.com\/es\/#website"},"primaryImageOfPage":{"@id":"https:\/\/skinbarbyaz.com\/es\/servicios\/carboxy-terapia\/#primaryimage"},"image":{"@id":"https:\/\/skinbarbyaz.com\/es\/servicios\/carboxy-terapia\/#primaryimage"},"thumbnailUrl":"https:\/\/skinbarbyaz.com\/wp-content\/uploads\/2023\/03\/carboxy-gel-therapy.jpg","datePublished":"2023-03-06T02:57:52+00:00","dateModified":"2025-10-15T15:58:37+00:00","breadcrumb":{"@id":"https:\/\/skinbarbyaz.com\/es\/servicios\/carboxy-terapia\/#breadcrumb"},"inLanguage":"es","potentialAction":[{"@type":"ReadAction","target":["https:\/\/skinbarbyaz.com\/es\/servicios\/carboxy-terapia\/"]}]},{"@type":"ImageObject","inLanguage":"es","@id":"https:\/\/skinbarbyaz.com\/es\/servicios\/carboxy-terapia\/#primaryimage","url":"https:\/\/skinbarbyaz.com\/wp-content\/uploads\/2023\/03\/carboxy-gel-therapy.jpg","contentUrl":"https:\/\/skinbarbyaz.com\/wp-content\/uploads\/2023\/03\/carboxy-gel-therapy.jpg","width":600,"height":400,"caption":"Playa del Carmen carboxy therapy by certified esthetician Skinbar by Andrea Zu\u00f1iga great skin care"},{"@type":"BreadcrumbList","@id":"https:\/\/skinbarbyaz.com\/es\/servicios\/carboxy-terapia\/#breadcrumb","itemListElement":[{"@type":"ListItem","position":1,"name":"Home","item":"https:\/\/skinbarbyaz.com\/es\/"},{"@type":"ListItem","position":2,"name":"Servicios","item":"https:\/\/skinbarbyaz.com\/es\/servicios\/"},{"@type":"ListItem","position":3,"name":"Carboxy Terapia"}]},{"@type":"WebSite","@id":"https:\/\/skinbarbyaz.com\/es\/#website","url":"https:\/\/skinbarbyaz.com\/es\/","name":"Skinbar by Andrea Zu\u00f1iga","description":"Great skin doesn\u2019t happen by chance, it happens by appointment.","publisher":{"@id":"https:\/\/skinbarbyaz.com\/es\/#organization"},"potentialAction":[{"@type":"SearchAction","target":{"@type":"EntryPoint","urlTemplate":"https:\/\/skinbarbyaz.com\/es\/?s={search_term_string}"},"query-input":{"@type":"PropertyValueSpecification","valueRequired":true,"valueName":"search_term_string"}}],"inLanguage":"es"},{"@type":"Organization","@id":"https:\/\/skinbarbyaz.com\/es\/#organization","name":"SkinBar by Andrea Zu\u00f1iga","url":"https:\/\/skinbarbyaz.com\/es\/","logo":{"@type":"ImageObject","inLanguage":"es","@id":"https:\/\/skinbarbyaz.com\/es\/#\/schema\/logo\/image\/","url":"https:\/\/skinbarbyaz.com\/wp-content\/uploads\/2022\/04\/164405005_4539302299429790_615823415186146139_n-Large.jpeg","contentUrl":"https:\/\/skinbarbyaz.com\/wp-content\/uploads\/2022\/04\/164405005_4539302299429790_615823415186146139_n-Large.jpeg","width":1280,"height":828,"caption":"SkinBar by Andrea Zu\u00f1iga"},"image":{"@id":"https:\/\/skinbarbyaz.com\/es\/#\/schema\/logo\/image\/"},"sameAs":["https:\/\/www.facebook.com\/skinbarbyaz","https:\/\/www.instagram.com\/skinbarbyaz\/"]}]}},"_links":{"self":[{"href":"https:\/\/skinbarbyaz.com\/es\/wp-json\/wp\/v2\/product\/5821","targetHints":{"allow":["GET"]}}],"collection":[{"href":"https:\/\/skinbarbyaz.com\/es\/wp-json\/wp\/v2\/product"}],"about":[{"href":"https:\/\/skinbarbyaz.com\/es\/wp-json\/wp\/v2\/types\/product"}],"replies":[{"embeddable":true,"href":"https:\/\/skinbarbyaz.com\/es\/wp-json\/wp\/v2\/comments?post=5821"}],"wp:featuredmedia":[{"embeddable":true,"href":"https:\/\/skinbarbyaz.com\/es\/wp-json\/wp\/v2\/media\/5823"}],"wp:attachment":[{"href":"https:\/\/skinbarbyaz.com\/es\/wp-json\/wp\/v2\/media?parent=5821"}],"wp:term":[{"taxonomy":"product_brand","embeddable":true,"href":"https:\/\/skinbarbyaz.com\/es\/wp-json\/wp\/v2\/product_brand?post=5821"},{"taxonomy":"product_cat","embeddable":true,"href":"https:\/\/skinbarbyaz.com\/es\/wp-json\/wp\/v2\/product_cat?post=5821"},{"taxonomy":"product_tag","embeddable":true,"href":"https:\/\/skinbarbyaz.com\/es\/wp-json\/wp\/v2\/product_tag?post=5821"}],"curies":[{"name":"wp","href":"https:\/\/api.w.org\/{rel}","templated":true}]}}