{"id":5829,"date":"2023-03-06T00:32:07","date_gmt":"2023-03-06T05:32:07","guid":{"rendered":"https:\/\/skinbarbyaz.com\/?post_type=product&#038;p=5829"},"modified":"2025-10-15T10:58:37","modified_gmt":"2025-10-15T15:58:37","slug":"gwan-peel-renovacion-profunda-hiperpigmentacion-cicatrices-de-acne","status":"publish","type":"product","link":"https:\/\/skinbarbyaz.com\/es\/servicios\/gwan-peel-renovacion-profunda-hiperpigmentacion-cicatrices-de-acne\/","title":{"rendered":"Gwan Peel &#8211; Renovaci\u00f3n profunda Hiperpigmentaci\u00f3n \/ Cicatrices de Acn\u00e9"},"content":{"rendered":"","protected":false},"excerpt":{"rendered":"<p><span style=\"font-weight: 400;\">Peeling moderado\/profundo. Apto para todo tipo de piel, incluso sensible, y recomendado a partir de los 25 a\u00f1os.<\/span><\/p>\n<p><b>Incluye:<\/b><\/p>\n[fusion_checklist icon=\"fusion-prefix-nutritionist-check\" iconcolor=\"\" hue=\"\" saturation=\"\" lightness=\"\" alpha=\"\" circle=\"\" circlecolor=\"\" textcolor=\"\" size=\"\" item_padding_top=\"0\" item_padding_right=\"\" item_padding_bottom=\"0\" item_padding_left=\"\" divider=\"\" divider_color=\"\" odd_row_bgcolor=\"\" even_row_bgcolor=\"\" hide_on_mobile=\"small-visibility,medium-visibility,large-visibility\" class=\"\" id=\"\"][fusion_li_item icon=\"\"]<\/p>\n<p><span style=\"font-weight: 400;\">Facial Profundo: Remoci\u00f3n de puntos negros,<\/span><span style=\"font-weight: 400;\"> puntos blancos y espinillas <\/span><span style=\"font-weight: 400;\">en toda la cara.<\/span><\/p>\n<p>[\/fusion_li_item][fusion_li_item icon=\"\"]<\/p>\n<p>Carboxy Gel Therapy: nuestra revolucionaria terapia sin agujas de CO2 Carboxy ayuda a estimular el metabolismo de la piel y la producci\u00f3n natural de ox\u00edgeno proporcionando una hidrataci\u00f3n profunda. La piel se ve dram\u00e1ticamente m\u00e1s brillante, m\u00e1s fresca, m\u00e1s uniforme, menos arrugada y flexible despu\u00e9s del primer uso. Tambi\u00e9n es eficaz para el tratamiento de moretones, hinchaz\u00f3n y acn\u00e9. Terapia en Gel: nuestra revolucionaria terapia sin agujas de CO2 Carboxy ayuda a estimular el metabolismo de la piel y la producci\u00f3n natural de ox\u00edgeno proporcionando una hidrataci\u00f3n profunda. La piel se ve dram\u00e1ticamente m\u00e1s radiante, m\u00e1s fresca, m\u00e1s uniforme, menos arrugada y saludable despu\u00e9s del primer uso. Tambi\u00e9n es eficaz para el tratamiento de moretones, hinchaz\u00f3n y acn\u00e9.<\/p>\n<p>[\/fusion_li_item][fusion_li_item icon=\"\"]<\/p>\n<p><span style=\"font-weight: 400;\">Gwan Peel (peeling moderado\/profundo): Es un peeling coreano avanzado que renueva profundamente la piel, unifica el tono y aclara manchas como el pa\u00f1o, al mismo tiempo que suaviza cicatrices de acn\u00e9 y refina la textura. Gracias a su acci\u00f3n estimulante, activa la producci\u00f3n de col\u00e1geno y elastina, logrando una piel m\u00e1s firme, luminosa y flexible con efecto <\/span><i><span style=\"font-weight: 400;\">glass skin<\/span><\/i><span style=\"font-weight: 400;\">. Apto para todo tipo de piel, incluso sensible, y con resultados visibles desde la primera sesi\u00f3n.<\/span><\/p>\n<p><span style=\"font-weight: 400;\">Despu\u00e9s del tratamiento: Se requiere cuidar durante las pr\u00f3ximas 12 horas (aplicando SPF y suero).<\/span><\/p>\n<p>[\/fusion_li_item][\/fusion_checklist]\n<p><strong>Duraci\u00f3n<\/strong>: 2 horas<br \/>\n<strong>Costo Total<\/strong>: $2500 pesos <em>(incluye deposito)<\/em><br \/>\n<strong>Dep\u00f3sito<\/strong>: $500 pesos<\/p>\n","protected":false},"featured_media":5825,"comment_status":"open","ping_status":"closed","template":"","meta":[],"product_brand":[],"product_cat":[88,79,86,81,77,120],"product_tag":[103,104,124,109,91,95,98,106,107,89,92,99,102,96,100],"class_list":{"0":"post-5829","1":"product","2":"type-product","3":"status-publish","4":"has-post-thumbnail","6":"product_cat-carboxi","7":"product_cat-facial-es","8":"product_cat-mascara","9":"product_cat-micro-agujas","10":"product_cat-servicios","11":"product_cat-terapia-led","12":"product_tag-cancun-es","13":"product_tag-carboxi-terapia-en-gel","14":"product_tag-carboxy-es","15":"product_tag-dermapen-es","16":"product_tag-facial-es","17":"product_tag-mascara","18":"product_tag-mexico-es","19":"product_tag-micro-agujas","20":"product_tag-microaguja","21":"product_tag-playa-del-carmen-es","22":"product_tag-proteccion-de-la-piel","23":"product_tag-quintana-roo-es","24":"product_tag-riviera-maya-es","25":"product_tag-terapia-led","26":"product_tag-tulum-es","28":"first","29":"instock","30":"virtual","31":"sold-individually","32":"taxable","33":"purchasable","34":"product-type-booking"},"booking_location":"","booking_location_type":"","booking_duration":120,"booking_duration_unit":"minute","booking_buffer":60,"booking_cost":2500,"booking_resources":[2570],"yoast_head":"<!-- This site is optimized with the Yoast SEO plugin v27.4 - https:\/\/yoast.com\/product\/yoast-seo-wordpress\/ -->\n<title>Gwan Peel - Renovaci\u00f3n profunda Hiperpigmentaci\u00f3n \/ Cicatrices de Acn\u00e9 - Skinbar by Andrea Zu\u00f1iga<\/title>\n<meta name=\"robots\" content=\"index, follow, max-snippet:-1, max-image-preview:large, max-video-preview:-1\" \/>\n<link rel=\"canonical\" href=\"https:\/\/skinbarbyaz.com\/es\/servicios\/gwan-peel-renovacion-profunda-hiperpigmentacion-cicatrices-de-acne\/\" \/>\n<meta property=\"og:locale\" content=\"es_MX\" \/>\n<meta property=\"og:type\" content=\"article\" \/>\n<meta property=\"og:title\" content=\"Gwan Peel - Renovaci\u00f3n profunda Hiperpigmentaci\u00f3n \/ Cicatrices de Acn\u00e9 - Skinbar by Andrea Zu\u00f1iga\" \/>\n<meta property=\"og:description\" content=\"Peeling moderado\/profundo. Apto para todo tipo de piel, incluso sensible, y recomendado a partir de los 25 a\u00f1os.  Incluye:    Duraci\u00f3n: 2 horas Costo Total: $2500 pesos (incluye deposito) Dep\u00f3sito: $500 pesos\" \/>\n<meta property=\"og:url\" content=\"https:\/\/skinbarbyaz.com\/es\/servicios\/gwan-peel-renovacion-profunda-hiperpigmentacion-cicatrices-de-acne\/\" \/>\n<meta property=\"og:site_name\" content=\"Skinbar by Andrea Zu\u00f1iga\" \/>\n<meta property=\"article:publisher\" content=\"https:\/\/www.facebook.com\/skinbarbyaz\" \/>\n<meta property=\"article:modified_time\" content=\"2025-10-15T15:58:37+00:00\" \/>\n<meta property=\"og:image\" content=\"https:\/\/skinbarbyaz.com\/wp-content\/uploads\/2023\/03\/melasma.jpg\" \/>\n\t<meta property=\"og:image:width\" content=\"600\" \/>\n\t<meta property=\"og:image:height\" content=\"400\" \/>\n\t<meta property=\"og:image:type\" content=\"image\/jpeg\" \/>\n<meta name=\"twitter:card\" content=\"summary_large_image\" \/>\n<script type=\"application\/ld+json\" class=\"yoast-schema-graph\">{\"@context\":\"https:\\\/\\\/schema.org\",\"@graph\":[{\"@type\":\"WebPage\",\"@id\":\"https:\\\/\\\/skinbarbyaz.com\\\/es\\\/servicios\\\/gwan-peel-renovacion-profunda-hiperpigmentacion-cicatrices-de-acne\\\/\",\"url\":\"https:\\\/\\\/skinbarbyaz.com\\\/es\\\/servicios\\\/gwan-peel-renovacion-profunda-hiperpigmentacion-cicatrices-de-acne\\\/\",\"name\":\"Gwan Peel - Renovaci\u00f3n profunda Hiperpigmentaci\u00f3n \\\/ Cicatrices de Acn\u00e9 - Skinbar by Andrea Zu\u00f1iga\",\"isPartOf\":{\"@id\":\"https:\\\/\\\/skinbarbyaz.com\\\/es\\\/#website\"},\"primaryImageOfPage\":{\"@id\":\"https:\\\/\\\/skinbarbyaz.com\\\/es\\\/servicios\\\/gwan-peel-renovacion-profunda-hiperpigmentacion-cicatrices-de-acne\\\/#primaryimage\"},\"image\":{\"@id\":\"https:\\\/\\\/skinbarbyaz.com\\\/es\\\/servicios\\\/gwan-peel-renovacion-profunda-hiperpigmentacion-cicatrices-de-acne\\\/#primaryimage\"},\"thumbnailUrl\":\"https:\\\/\\\/skinbarbyaz.com\\\/wp-content\\\/uploads\\\/2023\\\/03\\\/melasma.jpg\",\"datePublished\":\"2023-03-06T05:32:07+00:00\",\"dateModified\":\"2025-10-15T15:58:37+00:00\",\"breadcrumb\":{\"@id\":\"https:\\\/\\\/skinbarbyaz.com\\\/es\\\/servicios\\\/gwan-peel-renovacion-profunda-hiperpigmentacion-cicatrices-de-acne\\\/#breadcrumb\"},\"inLanguage\":\"es\",\"potentialAction\":[{\"@type\":\"ReadAction\",\"target\":[\"https:\\\/\\\/skinbarbyaz.com\\\/es\\\/servicios\\\/gwan-peel-renovacion-profunda-hiperpigmentacion-cicatrices-de-acne\\\/\"]}]},{\"@type\":\"ImageObject\",\"inLanguage\":\"es\",\"@id\":\"https:\\\/\\\/skinbarbyaz.com\\\/es\\\/servicios\\\/gwan-peel-renovacion-profunda-hiperpigmentacion-cicatrices-de-acne\\\/#primaryimage\",\"url\":\"https:\\\/\\\/skinbarbyaz.com\\\/wp-content\\\/uploads\\\/2023\\\/03\\\/melasma.jpg\",\"contentUrl\":\"https:\\\/\\\/skinbarbyaz.com\\\/wp-content\\\/uploads\\\/2023\\\/03\\\/melasma.jpg\",\"width\":600,\"height\":400,\"caption\":\"Playa del Carmen carboxy therapy treatment for melasma or hyperpigmentation by certified esthetician Skinbar by Andrea Zu\u00f1iga\"},{\"@type\":\"BreadcrumbList\",\"@id\":\"https:\\\/\\\/skinbarbyaz.com\\\/es\\\/servicios\\\/gwan-peel-renovacion-profunda-hiperpigmentacion-cicatrices-de-acne\\\/#breadcrumb\",\"itemListElement\":[{\"@type\":\"ListItem\",\"position\":1,\"name\":\"Home\",\"item\":\"https:\\\/\\\/skinbarbyaz.com\\\/es\\\/\"},{\"@type\":\"ListItem\",\"position\":2,\"name\":\"Servicios\",\"item\":\"https:\\\/\\\/skinbarbyaz.com\\\/es\\\/servicios\\\/\"},{\"@type\":\"ListItem\",\"position\":3,\"name\":\"Gwan Peel &#8211; Renovaci\u00f3n profunda Hiperpigmentaci\u00f3n \\\/ Cicatrices de Acn\u00e9\"}]},{\"@type\":\"WebSite\",\"@id\":\"https:\\\/\\\/skinbarbyaz.com\\\/es\\\/#website\",\"url\":\"https:\\\/\\\/skinbarbyaz.com\\\/es\\\/\",\"name\":\"Skinbar by Andrea Zu\u00f1iga\",\"description\":\"Great skin doesn\u2019t happen by chance, it happens by appointment.\",\"publisher\":{\"@id\":\"https:\\\/\\\/skinbarbyaz.com\\\/es\\\/#organization\"},\"potentialAction\":[{\"@type\":\"SearchAction\",\"target\":{\"@type\":\"EntryPoint\",\"urlTemplate\":\"https:\\\/\\\/skinbarbyaz.com\\\/es\\\/?s={search_term_string}\"},\"query-input\":{\"@type\":\"PropertyValueSpecification\",\"valueRequired\":true,\"valueName\":\"search_term_string\"}}],\"inLanguage\":\"es\"},{\"@type\":\"Organization\",\"@id\":\"https:\\\/\\\/skinbarbyaz.com\\\/es\\\/#organization\",\"name\":\"SkinBar by Andrea Zu\u00f1iga\",\"url\":\"https:\\\/\\\/skinbarbyaz.com\\\/es\\\/\",\"logo\":{\"@type\":\"ImageObject\",\"inLanguage\":\"es\",\"@id\":\"https:\\\/\\\/skinbarbyaz.com\\\/es\\\/#\\\/schema\\\/logo\\\/image\\\/\",\"url\":\"https:\\\/\\\/skinbarbyaz.com\\\/wp-content\\\/uploads\\\/2022\\\/04\\\/164405005_4539302299429790_615823415186146139_n-Large.jpeg\",\"contentUrl\":\"https:\\\/\\\/skinbarbyaz.com\\\/wp-content\\\/uploads\\\/2022\\\/04\\\/164405005_4539302299429790_615823415186146139_n-Large.jpeg\",\"width\":1280,\"height\":828,\"caption\":\"SkinBar by Andrea Zu\u00f1iga\"},\"image\":{\"@id\":\"https:\\\/\\\/skinbarbyaz.com\\\/es\\\/#\\\/schema\\\/logo\\\/image\\\/\"},\"sameAs\":[\"https:\\\/\\\/www.facebook.com\\\/skinbarbyaz\",\"https:\\\/\\\/www.instagram.com\\\/skinbarbyaz\\\/\"]}]}<\/script>\n<!-- \/ Yoast SEO plugin. -->","yoast_head_json":{"title":"Gwan Peel - Renovaci\u00f3n profunda Hiperpigmentaci\u00f3n \/ Cicatrices de Acn\u00e9 - Skinbar by Andrea Zu\u00f1iga","robots":{"index":"index","follow":"follow","max-snippet":"max-snippet:-1","max-image-preview":"max-image-preview:large","max-video-preview":"max-video-preview:-1"},"canonical":"https:\/\/skinbarbyaz.com\/es\/servicios\/gwan-peel-renovacion-profunda-hiperpigmentacion-cicatrices-de-acne\/","og_locale":"es_MX","og_type":"article","og_title":"Gwan Peel - Renovaci\u00f3n profunda Hiperpigmentaci\u00f3n \/ Cicatrices de Acn\u00e9 - Skinbar by Andrea Zu\u00f1iga","og_description":"Peeling moderado\/profundo. Apto para todo tipo de piel, incluso sensible, y recomendado a partir de los 25 a\u00f1os.  Incluye:    Duraci\u00f3n: 2 horas Costo Total: $2500 pesos (incluye deposito) Dep\u00f3sito: $500 pesos","og_url":"https:\/\/skinbarbyaz.com\/es\/servicios\/gwan-peel-renovacion-profunda-hiperpigmentacion-cicatrices-de-acne\/","og_site_name":"Skinbar by Andrea Zu\u00f1iga","article_publisher":"https:\/\/www.facebook.com\/skinbarbyaz","article_modified_time":"2025-10-15T15:58:37+00:00","og_image":[{"width":600,"height":400,"url":"https:\/\/skinbarbyaz.com\/wp-content\/uploads\/2023\/03\/melasma.jpg","type":"image\/jpeg"}],"twitter_card":"summary_large_image","schema":{"@context":"https:\/\/schema.org","@graph":[{"@type":"WebPage","@id":"https:\/\/skinbarbyaz.com\/es\/servicios\/gwan-peel-renovacion-profunda-hiperpigmentacion-cicatrices-de-acne\/","url":"https:\/\/skinbarbyaz.com\/es\/servicios\/gwan-peel-renovacion-profunda-hiperpigmentacion-cicatrices-de-acne\/","name":"Gwan Peel - Renovaci\u00f3n profunda Hiperpigmentaci\u00f3n \/ Cicatrices de Acn\u00e9 - Skinbar by Andrea Zu\u00f1iga","isPartOf":{"@id":"https:\/\/skinbarbyaz.com\/es\/#website"},"primaryImageOfPage":{"@id":"https:\/\/skinbarbyaz.com\/es\/servicios\/gwan-peel-renovacion-profunda-hiperpigmentacion-cicatrices-de-acne\/#primaryimage"},"image":{"@id":"https:\/\/skinbarbyaz.com\/es\/servicios\/gwan-peel-renovacion-profunda-hiperpigmentacion-cicatrices-de-acne\/#primaryimage"},"thumbnailUrl":"https:\/\/skinbarbyaz.com\/wp-content\/uploads\/2023\/03\/melasma.jpg","datePublished":"2023-03-06T05:32:07+00:00","dateModified":"2025-10-15T15:58:37+00:00","breadcrumb":{"@id":"https:\/\/skinbarbyaz.com\/es\/servicios\/gwan-peel-renovacion-profunda-hiperpigmentacion-cicatrices-de-acne\/#breadcrumb"},"inLanguage":"es","potentialAction":[{"@type":"ReadAction","target":["https:\/\/skinbarbyaz.com\/es\/servicios\/gwan-peel-renovacion-profunda-hiperpigmentacion-cicatrices-de-acne\/"]}]},{"@type":"ImageObject","inLanguage":"es","@id":"https:\/\/skinbarbyaz.com\/es\/servicios\/gwan-peel-renovacion-profunda-hiperpigmentacion-cicatrices-de-acne\/#primaryimage","url":"https:\/\/skinbarbyaz.com\/wp-content\/uploads\/2023\/03\/melasma.jpg","contentUrl":"https:\/\/skinbarbyaz.com\/wp-content\/uploads\/2023\/03\/melasma.jpg","width":600,"height":400,"caption":"Playa del Carmen carboxy therapy treatment for melasma or hyperpigmentation by certified esthetician Skinbar by Andrea Zu\u00f1iga"},{"@type":"BreadcrumbList","@id":"https:\/\/skinbarbyaz.com\/es\/servicios\/gwan-peel-renovacion-profunda-hiperpigmentacion-cicatrices-de-acne\/#breadcrumb","itemListElement":[{"@type":"ListItem","position":1,"name":"Home","item":"https:\/\/skinbarbyaz.com\/es\/"},{"@type":"ListItem","position":2,"name":"Servicios","item":"https:\/\/skinbarbyaz.com\/es\/servicios\/"},{"@type":"ListItem","position":3,"name":"Gwan Peel &#8211; Renovaci\u00f3n profunda Hiperpigmentaci\u00f3n \/ Cicatrices de Acn\u00e9"}]},{"@type":"WebSite","@id":"https:\/\/skinbarbyaz.com\/es\/#website","url":"https:\/\/skinbarbyaz.com\/es\/","name":"Skinbar by Andrea Zu\u00f1iga","description":"Great skin doesn\u2019t happen by chance, it happens by appointment.","publisher":{"@id":"https:\/\/skinbarbyaz.com\/es\/#organization"},"potentialAction":[{"@type":"SearchAction","target":{"@type":"EntryPoint","urlTemplate":"https:\/\/skinbarbyaz.com\/es\/?s={search_term_string}"},"query-input":{"@type":"PropertyValueSpecification","valueRequired":true,"valueName":"search_term_string"}}],"inLanguage":"es"},{"@type":"Organization","@id":"https:\/\/skinbarbyaz.com\/es\/#organization","name":"SkinBar by Andrea Zu\u00f1iga","url":"https:\/\/skinbarbyaz.com\/es\/","logo":{"@type":"ImageObject","inLanguage":"es","@id":"https:\/\/skinbarbyaz.com\/es\/#\/schema\/logo\/image\/","url":"https:\/\/skinbarbyaz.com\/wp-content\/uploads\/2022\/04\/164405005_4539302299429790_615823415186146139_n-Large.jpeg","contentUrl":"https:\/\/skinbarbyaz.com\/wp-content\/uploads\/2022\/04\/164405005_4539302299429790_615823415186146139_n-Large.jpeg","width":1280,"height":828,"caption":"SkinBar by Andrea Zu\u00f1iga"},"image":{"@id":"https:\/\/skinbarbyaz.com\/es\/#\/schema\/logo\/image\/"},"sameAs":["https:\/\/www.facebook.com\/skinbarbyaz","https:\/\/www.instagram.com\/skinbarbyaz\/"]}]}},"_links":{"self":[{"href":"https:\/\/skinbarbyaz.com\/es\/wp-json\/wp\/v2\/product\/5829","targetHints":{"allow":["GET"]}}],"collection":[{"href":"https:\/\/skinbarbyaz.com\/es\/wp-json\/wp\/v2\/product"}],"about":[{"href":"https:\/\/skinbarbyaz.com\/es\/wp-json\/wp\/v2\/types\/product"}],"replies":[{"embeddable":true,"href":"https:\/\/skinbarbyaz.com\/es\/wp-json\/wp\/v2\/comments?post=5829"}],"wp:featuredmedia":[{"embeddable":true,"href":"https:\/\/skinbarbyaz.com\/es\/wp-json\/wp\/v2\/media\/5825"}],"wp:attachment":[{"href":"https:\/\/skinbarbyaz.com\/es\/wp-json\/wp\/v2\/media?parent=5829"}],"wp:term":[{"taxonomy":"product_brand","embeddable":true,"href":"https:\/\/skinbarbyaz.com\/es\/wp-json\/wp\/v2\/product_brand?post=5829"},{"taxonomy":"product_cat","embeddable":true,"href":"https:\/\/skinbarbyaz.com\/es\/wp-json\/wp\/v2\/product_cat?post=5829"},{"taxonomy":"product_tag","embeddable":true,"href":"https:\/\/skinbarbyaz.com\/es\/wp-json\/wp\/v2\/product_tag?post=5829"}],"curies":[{"name":"wp","href":"https:\/\/api.w.org\/{rel}","templated":true}]}}